{"id":242,"date":"2022-03-16T13:07:09","date_gmt":"2022-03-16T13:07:09","guid":{"rendered":"https:\/\/barelon.consulting\/?page_id=242"},"modified":"2022-03-17T08:50:14","modified_gmt":"2022-03-17T08:50:14","slug":"refund_returns","status":"publish","type":"page","link":"https:\/\/barelon.consulting\/de\/refund_returns\/","title":{"rendered":"R\u00fcckgabegarantie"},"content":{"rendered":"<p>Willkommen auf der Webseite <a href=\"https:\/\/barelon.consulting\/de\/\">https:\/\/barelon.consulting\/<\/a> , die von Barelon LTD betrieben wird.<\/p>\n\n\n\n<p>Wenn Sie mit dem Produkt, das Sie bei uns gekauft haben, nicht zufrieden sind, m\u00fcssen Sie uns eine Nachricht unter info@barelon.consulting hinterlassen.<\/p>\n\n\n\n<p>Da unsere Pakete digitale Inhalte enthalten, auf die Sie automatisch zugreifen k\u00f6nnen, haben Sie die M\u00f6glichkeit, sich f\u00fcr den Kauf eines zeitversetzten Pakets zu entscheiden, auf das Sie in 28 Tagen Zugriff haben. Die digitalen Inhalte werden Ihnen ebenfalls 28 Tage nach dem Kauf zugeschickt, den Sie innerhalb von 14 Tagen nach dem Kauf oder 14 Tage vor Beginn des Pakets stornieren k\u00f6nnen. Oder Sie k\u00f6nnen ein Sofortpaket erwerben. In diesem Fall werden Ihnen die digitalen Inhalte automatisch zugesandt und Sie k\u00f6nnen sofort mit dem Studium beginnen. Das Geld wird Ihnen mit der urspr\u00fcnglichen Zahlungsmethode, die Sie verwendet haben, zur\u00fcckerstattet. Bei Kreditkartenzahlungen kann es 5 bis 10 Werktage dauern, bis das Geld wieder auf Ihrer Kreditkartenabrechnung erscheint.<\/p>\n\n\n\n<p>Bei der letztgenannten Option haben Sie au\u00dferdem eine 14-t\u00e4gige Frist f\u00fcr die R\u00fcckerstattung\/R\u00fcckgabe. Sie haben also die M\u00f6glichkeit, den Kauf innerhalb dieses Zeitraums zu stornieren und je nach den in Anspruch genommenen Services innerhalb dieses Zeitraums eine vollst\u00e4ndige oder teilweise R\u00fcckerstattung zu erhalten.<\/p>\n\n\n\n<p>Um den Status Ihrer R\u00fcckgabe zu verfolgen, kontaktieren Sie uns bitte unter info@barelon.consulting.<\/p>","protected":false},"excerpt":{"rendered":"<p>Welcome to the https:\/\/barelon.consulting\/ website operated by Barelon LTD. If you are not satisfied with the product you purchased from us, you need to leave a message at info@barelon.consulting. As our packages include digital content which is accessible automatically, you have the option to choose whether you buy a delayed package, to which you will [&hellip;]<\/p>","protected":false},"author":1,"featured_media":870,"parent":0,"menu_order":0,"comment_status":"closed","ping_status":"closed","template":"","meta":{"footnotes":""},"class_list":["post-242","page","type-page","status-publish","has-post-thumbnail","hentry"],"yoast_head":"<!-- This site is optimized with the Yoast SEO plugin v18.3 - https:\/\/yoast.com\/wordpress\/plugins\/seo\/ -->\n<title>Refund Policy - Barelon Consulting<\/title>\n<meta name=\"robots\" content=\"index, follow, max-snippet:-1, max-image-preview:large, max-video-preview:-1\" \/>\n<link rel=\"canonical\" href=\"https:\/\/barelon.consulting\/de\/refund_returns\/\" \/>\n<meta property=\"og:locale\" content=\"de_DE\" \/>\n<meta property=\"og:type\" content=\"article\" \/>\n<meta property=\"og:title\" content=\"Refund Policy - Barelon Consulting\" \/>\n<meta property=\"og:description\" content=\"Welcome to the https:\/\/barelon.consulting\/ website operated by Barelon LTD. If you are not satisfied with the product you purchased from us, you need to leave a message at info@barelon.consulting. As our packages include digital content which is accessible automatically, you have the option to choose whether you buy a delayed package, to which you will [&hellip;]\" \/>\n<meta property=\"og:url\" content=\"https:\/\/barelon.consulting\/de\/refund_returns\/\" \/>\n<meta property=\"og:site_name\" content=\"Barelon Consulting\" \/>\n<meta property=\"article:modified_time\" content=\"2022-03-17T08:50:14+00:00\" \/>\n<meta property=\"og:image\" content=\"https:\/\/barelon.consulting\/wp-content\/uploads\/2022\/03\/1024-\u00d7-514-3.png\" \/>\n\t<meta property=\"og:image:width\" content=\"1024\" \/>\n\t<meta property=\"og:image:height\" content=\"512\" \/>\n\t<meta property=\"og:image:type\" content=\"image\/png\" \/>\n<meta name=\"twitter:card\" content=\"summary_large_image\" \/>\n<meta name=\"twitter:image\" content=\"https:\/\/barelon.consulting\/wp-content\/uploads\/2022\/03\/1024-\u00d7-514-3.png\" \/>\n<meta name=\"twitter:label1\" content=\"Gesch\u00e4tzte Lesezeit\" \/>\n\t<meta name=\"twitter:data1\" content=\"1\u00a0Minute\" \/>\n<script type=\"application\/ld+json\" class=\"yoast-schema-graph\">{\"@context\":\"https:\/\/schema.org\",\"@graph\":[{\"@type\":\"WebSite\",\"@id\":\"https:\/\/barelon.consulting\/#website\",\"url\":\"https:\/\/barelon.consulting\/\",\"name\":\"Barelon Consulting\",\"description\":\"\",\"potentialAction\":[{\"@type\":\"SearchAction\",\"target\":{\"@type\":\"EntryPoint\",\"urlTemplate\":\"https:\/\/barelon.consulting\/?s={search_term_string}\"},\"query-input\":\"required name=search_term_string\"}],\"inLanguage\":\"de\"},{\"@type\":\"ImageObject\",\"@id\":\"https:\/\/barelon.consulting\/refund_returns\/#primaryimage\",\"inLanguage\":\"de\",\"url\":\"https:\/\/barelon.consulting\/wp-content\/uploads\/2022\/03\/1024-\u00d7-514-3.png\",\"contentUrl\":\"https:\/\/barelon.consulting\/wp-content\/uploads\/2022\/03\/1024-\u00d7-514-3.png\",\"width\":1024,\"height\":512},{\"@type\":\"WebPage\",\"@id\":\"https:\/\/barelon.consulting\/refund_returns\/#webpage\",\"url\":\"https:\/\/barelon.consulting\/refund_returns\/\",\"name\":\"Refund Policy - Barelon Consulting\",\"isPartOf\":{\"@id\":\"https:\/\/barelon.consulting\/#website\"},\"primaryImageOfPage\":{\"@id\":\"https:\/\/barelon.consulting\/refund_returns\/#primaryimage\"},\"datePublished\":\"2022-03-16T13:07:09+00:00\",\"dateModified\":\"2022-03-17T08:50:14+00:00\",\"breadcrumb\":{\"@id\":\"https:\/\/barelon.consulting\/refund_returns\/#breadcrumb\"},\"inLanguage\":\"de\",\"potentialAction\":[{\"@type\":\"ReadAction\",\"target\":[\"https:\/\/barelon.consulting\/refund_returns\/\"]}]},{\"@type\":\"BreadcrumbList\",\"@id\":\"https:\/\/barelon.consulting\/refund_returns\/#breadcrumb\",\"itemListElement\":[{\"@type\":\"ListItem\",\"position\":1,\"name\":\"Home\",\"item\":\"https:\/\/barelon.consulting\/\"},{\"@type\":\"ListItem\",\"position\":2,\"name\":\"Refund Policy\"}]}]}<\/script>\n<!-- \/ Yoast SEO plugin. -->","yoast_head_json":{"title":"Refund Policy - Barelon Consulting","robots":{"index":"index","follow":"follow","max-snippet":"max-snippet:-1","max-image-preview":"max-image-preview:large","max-video-preview":"max-video-preview:-1"},"canonical":"https:\/\/barelon.consulting\/de\/refund_returns\/","og_locale":"de_DE","og_type":"article","og_title":"Refund Policy - Barelon Consulting","og_description":"Welcome to the https:\/\/barelon.consulting\/ website operated by Barelon LTD. If you are not satisfied with the product you purchased from us, you need to leave a message at info@barelon.consulting. As our packages include digital content which is accessible automatically, you have the option to choose whether you buy a delayed package, to which you will [&hellip;]","og_url":"https:\/\/barelon.consulting\/de\/refund_returns\/","og_site_name":"Barelon Consulting","article_modified_time":"2022-03-17T08:50:14+00:00","og_image":[{"width":1024,"height":512,"url":"https:\/\/barelon.consulting\/wp-content\/uploads\/2022\/03\/1024-\u00d7-514-3.png","type":"image\/png"}],"twitter_card":"summary_large_image","twitter_image":"https:\/\/barelon.consulting\/wp-content\/uploads\/2022\/03\/1024-\u00d7-514-3.png","twitter_misc":{"Gesch\u00e4tzte Lesezeit":"1\u00a0Minute"},"schema":{"@context":"https:\/\/schema.org","@graph":[{"@type":"WebSite","@id":"https:\/\/barelon.consulting\/#website","url":"https:\/\/barelon.consulting\/","name":"Barelon Consulting","description":"","potentialAction":[{"@type":"SearchAction","target":{"@type":"EntryPoint","urlTemplate":"https:\/\/barelon.consulting\/?s={search_term_string}"},"query-input":"required name=search_term_string"}],"inLanguage":"de"},{"@type":"ImageObject","@id":"https:\/\/barelon.consulting\/refund_returns\/#primaryimage","inLanguage":"de","url":"https:\/\/barelon.consulting\/wp-content\/uploads\/2022\/03\/1024-\u00d7-514-3.png","contentUrl":"https:\/\/barelon.consulting\/wp-content\/uploads\/2022\/03\/1024-\u00d7-514-3.png","width":1024,"height":512},{"@type":"WebPage","@id":"https:\/\/barelon.consulting\/refund_returns\/#webpage","url":"https:\/\/barelon.consulting\/refund_returns\/","name":"Refund Policy - Barelon Consulting","isPartOf":{"@id":"https:\/\/barelon.consulting\/#website"},"primaryImageOfPage":{"@id":"https:\/\/barelon.consulting\/refund_returns\/#primaryimage"},"datePublished":"2022-03-16T13:07:09+00:00","dateModified":"2022-03-17T08:50:14+00:00","breadcrumb":{"@id":"https:\/\/barelon.consulting\/refund_returns\/#breadcrumb"},"inLanguage":"de","potentialAction":[{"@type":"ReadAction","target":["https:\/\/barelon.consulting\/refund_returns\/"]}]},{"@type":"BreadcrumbList","@id":"https:\/\/barelon.consulting\/refund_returns\/#breadcrumb","itemListElement":[{"@type":"ListItem","position":1,"name":"Home","item":"https:\/\/barelon.consulting\/"},{"@type":"ListItem","position":2,"name":"Refund Policy"}]}]}},"_links":{"self":[{"href":"https:\/\/barelon.consulting\/de\/wp-json\/wp\/v2\/pages\/242","targetHints":{"allow":["GET"]}}],"collection":[{"href":"https:\/\/barelon.consulting\/de\/wp-json\/wp\/v2\/pages"}],"about":[{"href":"https:\/\/barelon.consulting\/de\/wp-json\/wp\/v2\/types\/page"}],"author":[{"embeddable":true,"href":"https:\/\/barelon.consulting\/de\/wp-json\/wp\/v2\/users\/1"}],"replies":[{"embeddable":true,"href":"https:\/\/barelon.consulting\/de\/wp-json\/wp\/v2\/comments?post=242"}],"version-history":[{"count":1,"href":"https:\/\/barelon.consulting\/de\/wp-json\/wp\/v2\/pages\/242\/revisions"}],"predecessor-version":[{"id":683,"href":"https:\/\/barelon.consulting\/de\/wp-json\/wp\/v2\/pages\/242\/revisions\/683"}],"wp:featuredmedia":[{"embeddable":true,"href":"https:\/\/barelon.consulting\/de\/wp-json\/wp\/v2\/media\/870"}],"wp:attachment":[{"href":"https:\/\/barelon.consulting\/de\/wp-json\/wp\/v2\/media?parent=242"}],"curies":[{"name":"wp","href":"https:\/\/api.w.org\/{rel}","templated":true}]}}