{"id":687,"date":"2022-03-16T13:11:23","date_gmt":"2022-03-16T13:11:23","guid":{"rendered":"https:\/\/barelon.consulting\/?page_id=687"},"modified":"2022-03-17T08:48:19","modified_gmt":"2022-03-17T08:48:19","slug":"cookie-policy","status":"publish","type":"page","link":"https:\/\/barelon.consulting\/de\/cookie-policy\/","title":{"rendered":"Cookie-Richtlinie"},"content":{"rendered":"<p>Diese Cookie-Richtlinie erkl\u00e4rt, wie Barelon LTD (\"Barelon Consulting\", \"wir\", \"uns\" und \"unser\") Cookies und \u00e4hnliche Technologien verwendet, um Sie zu erkennen, wenn Sie unsere Webseite besuchen, einschlie\u00dflich, aber nicht beschr\u00e4nkt auf https:\/\/barelon.consulting\/ und alle zugeh\u00f6rigen URLs, mobile oder lokalisierte Versionen und zugeh\u00f6rige Domains\/Subdomains (\"Webseiten\"). Hier erkl\u00e4ren wir, was diese Technologien sind, warum wir sie verwenden und welche M\u00f6glichkeiten Sie haben, sie zu kontrollieren.<\/p>\n\n\n\n<h2 class=\"wp-block-heading\">Begriffe<\/h2>\n\n\n\n<ul class=\"wp-block-list\"><li>Cookie: eine kleine Datenmenge, die von einer Webseite erzeugt und von Ihrem Webbrowser gespeichert wird. Es wird verwendet, um Ihren Browser zu identifizieren, Analysen zu erstellen und Informationen \u00fcber Sie zu speichern, wie z.B. Ihre Sprachpr\u00e4ferenz oder Ihre Anmeldeinformationen.<\/li><\/ul>\n\n\n\n<ul class=\"wp-block-list\"><li>Unternehmen: Wenn in dieser Richtlinie auf \"Unternehmen\", \"wir\", \"uns\" oder \"unser\" Bezug genommen wird, bezieht sich dies auf die Barelon LTD, (71-75, Shelton Street, Covent Garden, London, WC2H 9JQ, Vereinigtes K\u00f6nigreich), die gem\u00e4\u00df dieser Datenschutzbestimmung f\u00fcr Ihre Daten verantwortlich ist.<\/li><\/ul>\n\n\n\n<ul class=\"wp-block-list\"><li>Ger\u00e4t: jedes Ger\u00e4t, das mit dem Internet verbunden ist, wie z.B. ein Telefon, ein Tablet, ein Computer oder ein anderes Ger\u00e4t, mit dem Sie Barelon Consulting besuchen und die Services nutzen k\u00f6nnen.<\/li><\/ul>\n\n\n\n<ul class=\"wp-block-list\"><li>Pers\u00f6nliche Daten: Alle Informationen, die direkt, indirekt oder in Kombination mit anderen Informationen - einschlie\u00dflich einer pers\u00f6nlichen Identifikationsnummer - die Identifizierung oder Identifizierbarkeit einer nat\u00fcrlichen Person erm\u00f6glichen.<\/li><\/ul>\n\n\n\n<ul class=\"wp-block-list\"><li>Service: bezieht sich auf die Dienstleistungen, die von Barelon Consulting angeboten werden, wie in den entsprechenden Bedingungen (falls verf\u00fcgbar) und auf dieser Plattform beschrieben.<\/li><\/ul>\n\n\n\n<ul class=\"wp-block-list\"><li>Service von Dritten: bezieht sich auf Werbetreibende, Sponsoren von Wettbewerben, Werbe- und Marketingpartner und andere, die unsere Inhalte zur Verf\u00fcgung stellen oder deren Produkte oder Dienstleistungen Sie unserer Meinung nach interessieren k\u00f6nnten.<\/li><\/ul>\n\n\n\n<ul class=\"wp-block-list\"><li>Webseite: die Seite der Barelon LTD, die Sie \u00fcber diese URL aufrufen k\u00f6nnen: https:\/\/barelon.consulting\/.<\/li><\/ul>\n\n\n\n<ul class=\"wp-block-list\"><li>Sie: eine nat\u00fcrliche oder juristische Person, die bei Barelon Consulting f\u00fcr die Nutzung der Serviceleistungen registriert ist.<\/li><\/ul>\n\n\n\n<h2 class=\"wp-block-heading\">Was ist ein Cookie?<\/h2>\n\n\n\n<p>Ein Cookie ist eine kleine Textdatei, die auf Ihrem Computer oder einem anderen mit dem Internet verbundenen Ger\u00e4t gespeichert wird, um Ihren Browser zu identifizieren, Analysen bereitzustellen, sich an Informationen \u00fcber Sie zu erinnern, wie z.B. Ihre Sprachpr\u00e4ferenz oder Ihre Anmeldeinformationen. Sie sind v\u00f6llig sicher und k\u00f6nnen nicht verwendet werden, um Programme auszuf\u00fchren oder Viren auf Ihr Ger\u00e4t zu \u00fcbertragen.<\/p>\n\n\n\n<h2 class=\"wp-block-heading\">Warum verwenden wir Cookies?<\/h2>\n\n\n\n<p>Wir verwenden auf unserer Webseite Cookies von Erstanbietern und\/oder Drittanbietern f\u00fcr verschiedene Zwecke, wie z.B:<\/p>\n\n\n\n<ul class=\"wp-block-list\"><li>Um den Betrieb und die Funktionalit\u00e4t unserer Webseite zu erleichtern;<\/li><li>Um Ihre Erfahrung mit unserer Webseite zu verbessern und die Navigation auf ihr schneller und einfacher zu machen;<\/li><li>um uns zu erm\u00f6glichen, eine ma\u00dfgeschneiderte Benutzererfahrung f\u00fcr Sie zu schaffen und zu verstehen, was f\u00fcr Sie n\u00fctzlich oder von Interesse ist;<\/li><li>um zu analysieren, wie unsere Webseite genutzt wird und wie wir sie am besten anpassen k\u00f6nnen;<\/li><li>um potenzielle Kunden zu identifizieren und Marketing- und Vertriebsinteraktionen mit ihnen zu personalisieren;<\/li><li>um die Anpassung von Online-Werbung an Ihre Interessen zu erleichtern.<\/li><\/ul>\n\n\n\n<h2 class=\"wp-block-heading\">\u00c4nderungen an unserer Cookie-Richtlinie<\/h2>\n\n\n\n<p>Es kann sein, dass wir unseren Service und unsere Richtlinien \u00e4ndern, und dass wir diese Cookie-Richtlinie \u00e4ndern m\u00fcssen, um unseren Service und unsere Richtlinien korrekt wiederzugeben. Sofern nicht anderweitig gesetzlich vorgeschrieben, werden wir Sie (z.B. \u00fcber unseren Service) benachrichtigen, bevor wir \u00c4nderungen an dieser Cookie-Richtlinie vornehmen und Ihnen die M\u00f6glichkeit geben, diese zu \u00fcberpr\u00fcfen, bevor sie in Kraft treten. Wenn Sie dann den Service weiter nutzen, sind Sie an die aktualisierte Cookie-Richtlinie gebunden. Wenn Sie dieser oder einer aktualisierten Cookie-Richtlinie nicht zustimmen m\u00f6chten, k\u00f6nnen Sie Ihren Account l\u00f6schen.<\/p>\n\n\n\n<h2 class=\"wp-block-heading\">Welche Art von Cookies verwendet Barelon Consulting?<\/h2>\n\n\n\n<p>Cookies k\u00f6nnen entweder Session-Cookies oder permanente Cookies sein. Ein Session-Cookie l\u00e4uft automatisch ab, wenn Sie Ihren Browser schlie\u00dfen. Ein dauerhafter Cookie bleibt bestehen, bis er abl\u00e4uft oder Sie Ihre Cookies l\u00f6schen. Die Verfallsdaten sind in den Cookies selbst festgelegt; einige k\u00f6nnen nach wenigen Minuten ablaufen, andere nach mehreren Jahren. Cookies, die von der von Ihnen besuchten Webseite gesetzt werden, nennt man \"First Party Cookies\".<\/p>\n\n\n\n<p>Strictly Necessary Cookies sind f\u00fcr das Funktionieren unserer Webseite erforderlich und k\u00f6nnen in unseren Systemen nicht deaktiviert werden. Sie sind essentiell, damit Sie auf der Webseite navigieren und deren Funktionen nutzen k\u00f6nnen. Wenn Sie diese Cookies entfernen oder deaktivieren, k\u00f6nnen wir die Nutzung unserer Webseite nicht garantieren.<\/p>\n\n\n\n<p>Wir verwenden auf unserer Webseite die folgenden Cookies: Analyse- und Anpassungs-Cookies, essentielle Cookies, Performance- und Funktions-Cookies.<\/p>\n\n\n\n<h2 class=\"wp-block-heading\">Allgemeiner Haftungsausschluss<\/h2>\n\n\n\n<p>Der Service von Barelon Consulting und seine Inhalte werden \"wie vorliegend\" und \"wie verf\u00fcgbar\" ohne jegliche ausdr\u00fcckliche oder stillschweigende Garantie oder Zusicherung bereitgestellt. Barelon Consulting ist ein Anbieter und kein Verleger von Inhalten, die von Dritten zur Verf\u00fcgung gestellt werden; als solcher \u00fcbt Barelon Consulting keine redaktionelle Kontrolle \u00fcber diese Inhalte aus und gibt keine Garantie oder Zusicherung hinsichtlich der Richtigkeit, Zuverl\u00e4ssigkeit oder Aktualit\u00e4t von Informationen, Inhalten, Services oder Waren, die \u00fcber den Barelon Consulting Service bereitgestellt werden oder zug\u00e4nglich sind. Ohne das Vorstehende einzuschr\u00e4nken, lehnt Barelon Consulting ausdr\u00fccklich alle Gew\u00e4hrleistungen und Zusicherungen in Bezug auf Inhalte ab, die \u00fcber oder in Verbindung mit dem Barelon Consulting Service oder auf Seiten, die als Links auf dem Barelon Consulting Service erscheinen, \u00fcbertragen werden, oder in Bezug auf Produkte, die als Teil des Barelon Consulting Service oder anderweitig in Verbindung mit diesem angeboten werden, einschlie\u00dflich und ohne Einschr\u00e4nkung jeglicher Gew\u00e4hrleistungen der Marktg\u00e4ngigkeit, der Eignung f\u00fcr einen bestimmten Zweck oder der Nichtverletzung von Rechten. M\u00fcndliche Ratschl\u00e4ge oder schriftliche Informationen, die von Barelon Consulting oder einem seiner kooperierenden Unternehmen, Angestellten, leitenden Angestellten, Direktoren, Maklern oder dergleichen erteilt werden, begr\u00fcnden keine Garantie. Preis- und Verf\u00fcgbarkeitsinformationen k\u00f6nnen ohne vorherige Ank\u00fcndigung ge\u00e4ndert werden. Ohne das Vorstehende einzuschr\u00e4nken, garantiert Barelon Consulting nicht, dass der Service von Barelon Consulting ununterbrochen, zeitgerecht oder fehlerfrei ist.<\/p>\n\n\n\n<h2 class=\"wp-block-heading\">Ausschluss von Fehlern und Auslassungen<\/h2>\n\n\n\n<p>Barelon Consulting ist nicht verantwortlich f\u00fcr Inhalte, Codes oder andere Ungenauigkeiten. Barelon Consulting gibt keine Garantien oder Zusicherungen. In keinem Fall haftet Barelon Consulting f\u00fcr besondere, direkte, indirekte oder zuf\u00e4llige Sch\u00e4den oder Nachteile jeglicher Art, sei es durch Vertrag, Fahrl\u00e4ssigkeit oder andere unerlaubte Handlungen, die aus oder in Verbindung mit der Nutzung des Service oder des Inhalts des Service entstehen. Barelon Consulting beh\u00e4lt sich das Recht vor, den Inhalt des Service jederzeit und ohne vorherige Ank\u00fcndigung zu erg\u00e4nzen, zu l\u00f6schen oder zu \u00e4ndern.<\/p>\n\n\n\n<h2 class=\"wp-block-heading\">Analyse- und Anpassungs-Cookies<\/h2>\n\n\n\n<p>Diese Cookies sammeln Informationen, die uns helfen zu verstehen, wie unsere Webseite genutzt wird oder wie effektiv unsere Marketingkampagnen sind, oder die uns helfen, unsere Webseite f\u00fcr Sie anzupassen.<\/p>\n\n\n\n<p>Wir verwenden Cookies von Google Analytics dazu, begrenzte Daten direkt von den Browsern der Endnutzer zu sammeln, damit wir Ihre Nutzung unserer Webseite besser verstehen k\u00f6nnen. Weitere Informationen dar\u00fcber, wie Google diese Daten sammelt und verwendet, finden Sie unter: https:\/\/www.google.com\/policies\/privacy\/partners\/. Sie k\u00f6nnen alle von Google unterst\u00fctzten Analysefunktionen auf unseren Webseiten deaktivieren, indem Sie folgende Website besuchen: https:\/\/tools.google.com\/dlpage\/gaoptout.<\/p>\n\n\n\n<h2 class=\"wp-block-heading\">Essentielle Cookies<\/h2>\n\n\n\n<p>Wir verwenden essentielle Cookies, damit unsere Webseite funktioniert. Diese Cookies sind absolut notwendig, um zentrale Funktionen wie Sicherheit, Netzwerkverwaltung, Ihre Cookie-Einstellungen und Zug\u00e4nglichkeit zu erm\u00f6glichen. Ohne sie k\u00f6nnten Sie grundlegende Services nicht nutzen. Sie k\u00f6nnen diese Cookies deaktivieren, indem Sie die Einstellungen Ihres Browsers \u00e4ndern, aber dies kann die Funktionsweise der Webseiten beeintr\u00e4chtigen.<\/p>\n\n\n\n<h2 class=\"wp-block-heading\">Cookies f\u00fcr Leistung und Funktionalit\u00e4t<\/h2>\n\n\n\n<p>Diese Cookies werden verwendet, um die Leistung und Funktionalit\u00e4t unserer Webseite zu verbessern, sind aber nicht essentiell f\u00fcr deren Nutzung. Ohne diese Cookies k\u00f6nnten jedoch bestimmte Funktionen wie z.B. Videos nicht verf\u00fcgbar sein oder Sie m\u00fcssten bei jedem Besuch der Webseite Ihre Anmeldedaten eingeben, da wir uns nicht daran erinnern k\u00f6nnten, dass Sie sich zuvor angemeldet haben.<\/p>\n\n\n\n<h2 class=\"wp-block-heading\">Wie k\u00f6nnen Sie Cookies verwalten?<\/h2>\n\n\n\n<p>Die meisten Browser erlauben es Ihnen, Cookies \u00fcber ihre Einstellungen zu kontrollieren. Wenn Sie jedoch die F\u00e4higkeit von Webseiten, Cookies zu setzen, einschr\u00e4nken, kann sich Ihr Benutzererlebnis insgesamt verschlechtern, da es nicht mehr auf Sie zugeschnitten ist. Au\u00dferdem k\u00f6nnen Sie dann keine benutzerdefinierten Einstellungen wie Anmeldedaten mehr speichern. Die Hersteller von Browsern bieten Hilfeseiten f\u00fcr die Verwaltung von Cookies in ihren Produkten an.<\/p>\n\n\n\n<p>Die Hersteller von Browsern bieten Hilfeseiten f\u00fcr die Verwaltung von Cookies in ihren Produkten an. Weitere Informationen finden Sie unten.<\/p>\n\n\n\n<ul class=\"wp-block-list\"><li>Google Chrome<\/li><li>Internet Explorer<\/li><li>Mozilla Firefox<\/li><li>Safari (Desktop)<\/li><li>Safari (Mobile)<\/li><li>Android Browser<\/li><li>Opera<\/li><li>Opera Mobile<\/li><\/ul>\n\n\n\n<h2 class=\"wp-block-heading\">Blockieren und Deaktivieren von Cookies und \u00e4hnlichen Technologien.<\/h2>\n\n\n\n<p>Sie k\u00f6nnen Ihren Browser auch so einstellen, dass er Cookies und \u00e4hnliche Technologien blockiert, wo immer Sie sich befinden. Dies kann jedoch dazu f\u00fchren, dass unsere wichtigen Cookies blockiert werden und unsere Webseite nicht richtig funktioniert, so dass Sie m\u00f6glicherweise nicht alle Funktionen und Services in vollem Umfang nutzen k\u00f6nnen. Sie sollten sich auch dar\u00fcber im Klaren sein, dass Sie, wenn Sie Cookies in Ihrem Browser blockieren, einige gespeicherte Informationen verlieren k\u00f6nnen (z.B. gespeicherte Anmeldedaten, Einstellungen der Seite). Verschiedene Browser bieten Ihnen unterschiedliche Kontrollm\u00f6glichkeiten. Wenn Sie ein Cookie oder eine Kategorie deaktivieren, wird das Cookie nicht aus Ihrem Browser gel\u00f6scht. Sie m\u00fcssen dies selbst in Ihrem Browser tun. Weitere Informationen finden Sie im Hilfemen\u00fc Ihres Browsers.<\/p>\n\n\n\n<h2 class=\"wp-block-heading\">Ihr Einverst\u00e4ndnis<\/h2>\n\n\n\n<p>Durch die Nutzung unserer Webseite, die Registrierung eines Accounts oder einen Einkauf.<\/p>\n\n\n\n<h2 class=\"wp-block-heading\">Kontaktieren Sie uns<\/h2>\n\n\n\n<p>Wenn Sie Fragen haben, kontaktieren Sie uns bitte:<\/p>\n\n\n\n<ul class=\"wp-block-list\"><li>Per E-Mail: info@barelon.consulting<\/li><\/ul>\n\n\n\n<ul class=\"wp-block-list\"><li>Per Telefon: +442045774012<\/li><\/ul>\n\n\n\n<ul class=\"wp-block-list\"><li>\u00dcber diesen Link: https:\/\/barelon.consulting\/de<\/li><\/ul>","protected":false},"excerpt":{"rendered":"<p>This Cookie Policy explains how Barelon LTD (\u201cBarelon Consulting\u201d, \u201cwe\u201d, \u201cus\u201d, and \u201cours\u201d) use cookies and similar technologies to recognise you when you visit our website, including without limitation https:\/\/barelon.consulting\/ and any related URLs, mobile or localised versions and related domains\/subdomains (\u201cWebsites\u201d). It explains what these technologies are and why we use them, and the [&hellip;]<\/p>","protected":false},"author":1,"featured_media":870,"parent":0,"menu_order":0,"comment_status":"closed","ping_status":"closed","template":"","meta":{"footnotes":""},"class_list":["post-687","page","type-page","status-publish","has-post-thumbnail","hentry"],"yoast_head":"<!-- This site is optimized with the Yoast SEO plugin v18.3 - https:\/\/yoast.com\/wordpress\/plugins\/seo\/ -->\n<title>Cookie Policy - Barelon Consulting<\/title>\n<meta name=\"robots\" content=\"index, follow, max-snippet:-1, max-image-preview:large, max-video-preview:-1\" \/>\n<link rel=\"canonical\" href=\"https:\/\/barelon.consulting\/de\/cookie-policy\/\" \/>\n<meta property=\"og:locale\" content=\"de_DE\" \/>\n<meta property=\"og:type\" content=\"article\" \/>\n<meta property=\"og:title\" content=\"Cookie Policy - Barelon Consulting\" \/>\n<meta property=\"og:description\" content=\"This Cookie Policy explains how Barelon LTD (\u201cBarelon Consulting\u201d, \u201cwe\u201d, \u201cus\u201d, and \u201cours\u201d) use cookies and similar technologies to recognise you when you visit our website, including without limitation https:\/\/barelon.consulting\/ and any related URLs, mobile or localised versions and related domains\/subdomains (\u201cWebsites\u201d). It explains what these technologies are and why we use them, and the [&hellip;]\" \/>\n<meta property=\"og:url\" content=\"https:\/\/barelon.consulting\/de\/cookie-policy\/\" \/>\n<meta property=\"og:site_name\" content=\"Barelon Consulting\" \/>\n<meta property=\"article:modified_time\" content=\"2022-03-17T08:48:19+00:00\" \/>\n<meta property=\"og:image\" content=\"https:\/\/barelon.consulting\/wp-content\/uploads\/2022\/03\/1024-\u00d7-514-3.png\" \/>\n\t<meta property=\"og:image:width\" content=\"1024\" \/>\n\t<meta property=\"og:image:height\" content=\"512\" \/>\n\t<meta property=\"og:image:type\" content=\"image\/png\" \/>\n<meta name=\"twitter:card\" content=\"summary_large_image\" \/>\n<meta name=\"twitter:image\" content=\"https:\/\/barelon.consulting\/wp-content\/uploads\/2022\/03\/1024-\u00d7-514-3.png\" \/>\n<meta name=\"twitter:label1\" content=\"Gesch\u00e4tzte Lesezeit\" \/>\n\t<meta name=\"twitter:data1\" content=\"7\u00a0Minuten\" \/>\n<script type=\"application\/ld+json\" class=\"yoast-schema-graph\">{\"@context\":\"https:\/\/schema.org\",\"@graph\":[{\"@type\":\"WebSite\",\"@id\":\"https:\/\/barelon.consulting\/#website\",\"url\":\"https:\/\/barelon.consulting\/\",\"name\":\"Barelon Consulting\",\"description\":\"\",\"potentialAction\":[{\"@type\":\"SearchAction\",\"target\":{\"@type\":\"EntryPoint\",\"urlTemplate\":\"https:\/\/barelon.consulting\/?s={search_term_string}\"},\"query-input\":\"required name=search_term_string\"}],\"inLanguage\":\"de\"},{\"@type\":\"ImageObject\",\"@id\":\"https:\/\/barelon.consulting\/cookie-policy\/#primaryimage\",\"inLanguage\":\"de\",\"url\":\"https:\/\/barelon.consulting\/wp-content\/uploads\/2022\/03\/1024-\u00d7-514-3.png\",\"contentUrl\":\"https:\/\/barelon.consulting\/wp-content\/uploads\/2022\/03\/1024-\u00d7-514-3.png\",\"width\":1024,\"height\":512},{\"@type\":\"WebPage\",\"@id\":\"https:\/\/barelon.consulting\/cookie-policy\/#webpage\",\"url\":\"https:\/\/barelon.consulting\/cookie-policy\/\",\"name\":\"Cookie Policy - Barelon Consulting\",\"isPartOf\":{\"@id\":\"https:\/\/barelon.consulting\/#website\"},\"primaryImageOfPage\":{\"@id\":\"https:\/\/barelon.consulting\/cookie-policy\/#primaryimage\"},\"datePublished\":\"2022-03-16T13:11:23+00:00\",\"dateModified\":\"2022-03-17T08:48:19+00:00\",\"breadcrumb\":{\"@id\":\"https:\/\/barelon.consulting\/cookie-policy\/#breadcrumb\"},\"inLanguage\":\"de\",\"potentialAction\":[{\"@type\":\"ReadAction\",\"target\":[\"https:\/\/barelon.consulting\/cookie-policy\/\"]}]},{\"@type\":\"BreadcrumbList\",\"@id\":\"https:\/\/barelon.consulting\/cookie-policy\/#breadcrumb\",\"itemListElement\":[{\"@type\":\"ListItem\",\"position\":1,\"name\":\"Home\",\"item\":\"https:\/\/barelon.consulting\/\"},{\"@type\":\"ListItem\",\"position\":2,\"name\":\"Cookie Policy\"}]}]}<\/script>\n<!-- \/ Yoast SEO plugin. -->","yoast_head_json":{"title":"Cookie Policy - Barelon Consulting","robots":{"index":"index","follow":"follow","max-snippet":"max-snippet:-1","max-image-preview":"max-image-preview:large","max-video-preview":"max-video-preview:-1"},"canonical":"https:\/\/barelon.consulting\/de\/cookie-policy\/","og_locale":"de_DE","og_type":"article","og_title":"Cookie Policy - Barelon Consulting","og_description":"This Cookie Policy explains how Barelon LTD (\u201cBarelon Consulting\u201d, \u201cwe\u201d, \u201cus\u201d, and \u201cours\u201d) use cookies and similar technologies to recognise you when you visit our website, including without limitation https:\/\/barelon.consulting\/ and any related URLs, mobile or localised versions and related domains\/subdomains (\u201cWebsites\u201d). It explains what these technologies are and why we use them, and the [&hellip;]","og_url":"https:\/\/barelon.consulting\/de\/cookie-policy\/","og_site_name":"Barelon Consulting","article_modified_time":"2022-03-17T08:48:19+00:00","og_image":[{"width":1024,"height":512,"url":"https:\/\/barelon.consulting\/wp-content\/uploads\/2022\/03\/1024-\u00d7-514-3.png","type":"image\/png"}],"twitter_card":"summary_large_image","twitter_image":"https:\/\/barelon.consulting\/wp-content\/uploads\/2022\/03\/1024-\u00d7-514-3.png","twitter_misc":{"Gesch\u00e4tzte Lesezeit":"7\u00a0Minuten"},"schema":{"@context":"https:\/\/schema.org","@graph":[{"@type":"WebSite","@id":"https:\/\/barelon.consulting\/#website","url":"https:\/\/barelon.consulting\/","name":"Barelon Consulting","description":"","potentialAction":[{"@type":"SearchAction","target":{"@type":"EntryPoint","urlTemplate":"https:\/\/barelon.consulting\/?s={search_term_string}"},"query-input":"required name=search_term_string"}],"inLanguage":"de"},{"@type":"ImageObject","@id":"https:\/\/barelon.consulting\/cookie-policy\/#primaryimage","inLanguage":"de","url":"https:\/\/barelon.consulting\/wp-content\/uploads\/2022\/03\/1024-\u00d7-514-3.png","contentUrl":"https:\/\/barelon.consulting\/wp-content\/uploads\/2022\/03\/1024-\u00d7-514-3.png","width":1024,"height":512},{"@type":"WebPage","@id":"https:\/\/barelon.consulting\/cookie-policy\/#webpage","url":"https:\/\/barelon.consulting\/cookie-policy\/","name":"Cookie Policy - Barelon Consulting","isPartOf":{"@id":"https:\/\/barelon.consulting\/#website"},"primaryImageOfPage":{"@id":"https:\/\/barelon.consulting\/cookie-policy\/#primaryimage"},"datePublished":"2022-03-16T13:11:23+00:00","dateModified":"2022-03-17T08:48:19+00:00","breadcrumb":{"@id":"https:\/\/barelon.consulting\/cookie-policy\/#breadcrumb"},"inLanguage":"de","potentialAction":[{"@type":"ReadAction","target":["https:\/\/barelon.consulting\/cookie-policy\/"]}]},{"@type":"BreadcrumbList","@id":"https:\/\/barelon.consulting\/cookie-policy\/#breadcrumb","itemListElement":[{"@type":"ListItem","position":1,"name":"Home","item":"https:\/\/barelon.consulting\/"},{"@type":"ListItem","position":2,"name":"Cookie Policy"}]}]}},"_links":{"self":[{"href":"https:\/\/barelon.consulting\/de\/wp-json\/wp\/v2\/pages\/687","targetHints":{"allow":["GET"]}}],"collection":[{"href":"https:\/\/barelon.consulting\/de\/wp-json\/wp\/v2\/pages"}],"about":[{"href":"https:\/\/barelon.consulting\/de\/wp-json\/wp\/v2\/types\/page"}],"author":[{"embeddable":true,"href":"https:\/\/barelon.consulting\/de\/wp-json\/wp\/v2\/users\/1"}],"replies":[{"embeddable":true,"href":"https:\/\/barelon.consulting\/de\/wp-json\/wp\/v2\/comments?post=687"}],"version-history":[{"count":1,"href":"https:\/\/barelon.consulting\/de\/wp-json\/wp\/v2\/pages\/687\/revisions"}],"predecessor-version":[{"id":688,"href":"https:\/\/barelon.consulting\/de\/wp-json\/wp\/v2\/pages\/687\/revisions\/688"}],"wp:featuredmedia":[{"embeddable":true,"href":"https:\/\/barelon.consulting\/de\/wp-json\/wp\/v2\/media\/870"}],"wp:attachment":[{"href":"https:\/\/barelon.consulting\/de\/wp-json\/wp\/v2\/media?parent=687"}],"curies":[{"name":"wp","href":"https:\/\/api.w.org\/{rel}","templated":true}]}}