{"id":560,"date":"2022-03-16T09:57:04","date_gmt":"2022-03-16T09:57:04","guid":{"rendered":"https:\/\/barelon.consulting\/?post_type=product&#038;p=560"},"modified":"2022-05-16T06:55:23","modified_gmt":"2022-05-16T06:55:23","slug":"tax-report","status":"publish","type":"product","link":"https:\/\/barelon.consulting\/de\/produkt\/tax-report\/","title":{"rendered":"Steuerbericht"},"content":{"rendered":"<p><span style=\"font-weight: 400;\">Wir bieten Ihnen fachkundige Unterst\u00fctzung bei der Vorbereitung von Steuerberichten, Dokumenten und Steuererkl\u00e4rungen. Wir k\u00f6nnen Ihnen auch bei der Vorbereitung und \u00dcberpr\u00fcfung der laufenden Buchhaltung helfen.<\/span><\/p>","protected":false},"excerpt":{"rendered":"<p>Wir bieten Ihnen fachkundige Unterst\u00fctzung bei der Vorbereitung von Steuerberichten, Dokumenten und Steuererkl\u00e4rungen. Wir k\u00f6nnen Ihnen auch bei der Vorbereitung und \u00dcberpr\u00fcfung der laufenden Buchhaltung helfen.<\/p>","protected":false},"featured_media":0,"comment_status":"open","ping_status":"closed","template":"","meta":[],"product_cat":[34],"product_tag":[],"class_list":["post-560","product","type-product","status-publish","hentry","product_cat-services"],"yoast_head":"<!-- This site is optimized with the Yoast SEO plugin v18.3 - https:\/\/yoast.com\/wordpress\/plugins\/seo\/ -->\n<title>Tax report - Barelon Consulting<\/title>\n<meta name=\"robots\" content=\"index, follow, max-snippet:-1, max-image-preview:large, max-video-preview:-1\" \/>\n<link rel=\"canonical\" href=\"https:\/\/barelon.consulting\/de\/produkt\/tax-report\/\" \/>\n<meta property=\"og:locale\" content=\"de_DE\" \/>\n<meta property=\"og:type\" content=\"article\" \/>\n<meta property=\"og:title\" content=\"Tax report - Barelon Consulting\" \/>\n<meta property=\"og:description\" content=\"We provide you with expert assistance in drawing up tax reports, documentation and tax returns. Also, we can help you with the preparation and checking of the current tax accounting system.\" \/>\n<meta property=\"og:url\" content=\"https:\/\/barelon.consulting\/de\/produkt\/tax-report\/\" \/>\n<meta property=\"og:site_name\" content=\"Barelon Consulting\" \/>\n<meta property=\"article:modified_time\" content=\"2022-05-16T06:55:23+00:00\" \/>\n<meta name=\"twitter:card\" content=\"summary_large_image\" \/>\n<script type=\"application\/ld+json\" class=\"yoast-schema-graph\">{\"@context\":\"https:\/\/schema.org\",\"@graph\":[{\"@type\":\"WebSite\",\"@id\":\"https:\/\/barelon.consulting\/#website\",\"url\":\"https:\/\/barelon.consulting\/\",\"name\":\"Barelon Consulting\",\"description\":\"\",\"potentialAction\":[{\"@type\":\"SearchAction\",\"target\":{\"@type\":\"EntryPoint\",\"urlTemplate\":\"https:\/\/barelon.consulting\/?s={search_term_string}\"},\"query-input\":\"required name=search_term_string\"}],\"inLanguage\":\"de\"},{\"@type\":\"WebPage\",\"@id\":\"https:\/\/barelon.consulting\/product\/tax-report\/#webpage\",\"url\":\"https:\/\/barelon.consulting\/product\/tax-report\/\",\"name\":\"Tax report - Barelon Consulting\",\"isPartOf\":{\"@id\":\"https:\/\/barelon.consulting\/#website\"},\"datePublished\":\"2022-03-16T09:57:04+00:00\",\"dateModified\":\"2022-05-16T06:55:23+00:00\",\"breadcrumb\":{\"@id\":\"https:\/\/barelon.consulting\/product\/tax-report\/#breadcrumb\"},\"inLanguage\":\"de\",\"potentialAction\":[{\"@type\":\"ReadAction\",\"target\":[\"https:\/\/barelon.consulting\/product\/tax-report\/\"]}]},{\"@type\":\"BreadcrumbList\",\"@id\":\"https:\/\/barelon.consulting\/product\/tax-report\/#breadcrumb\",\"itemListElement\":[{\"@type\":\"ListItem\",\"position\":1,\"name\":\"Home\",\"item\":\"https:\/\/barelon.consulting\/\"},{\"@type\":\"ListItem\",\"position\":2,\"name\":\"Shop\",\"item\":\"https:\/\/barelon.consulting\/shop\/\"},{\"@type\":\"ListItem\",\"position\":3,\"name\":\"Tax report\"}]}]}<\/script>\n<!-- \/ Yoast SEO plugin. -->","yoast_head_json":{"title":"Tax report - Barelon Consulting","robots":{"index":"index","follow":"follow","max-snippet":"max-snippet:-1","max-image-preview":"max-image-preview:large","max-video-preview":"max-video-preview:-1"},"canonical":"https:\/\/barelon.consulting\/de\/produkt\/tax-report\/","og_locale":"de_DE","og_type":"article","og_title":"Tax report - Barelon Consulting","og_description":"We provide you with expert assistance in drawing up tax reports, documentation and tax returns. Also, we can help you with the preparation and checking of the current tax accounting system.","og_url":"https:\/\/barelon.consulting\/de\/produkt\/tax-report\/","og_site_name":"Barelon Consulting","article_modified_time":"2022-05-16T06:55:23+00:00","twitter_card":"summary_large_image","schema":{"@context":"https:\/\/schema.org","@graph":[{"@type":"WebSite","@id":"https:\/\/barelon.consulting\/#website","url":"https:\/\/barelon.consulting\/","name":"Barelon Consulting","description":"","potentialAction":[{"@type":"SearchAction","target":{"@type":"EntryPoint","urlTemplate":"https:\/\/barelon.consulting\/?s={search_term_string}"},"query-input":"required name=search_term_string"}],"inLanguage":"de"},{"@type":"WebPage","@id":"https:\/\/barelon.consulting\/product\/tax-report\/#webpage","url":"https:\/\/barelon.consulting\/product\/tax-report\/","name":"Tax report - Barelon Consulting","isPartOf":{"@id":"https:\/\/barelon.consulting\/#website"},"datePublished":"2022-03-16T09:57:04+00:00","dateModified":"2022-05-16T06:55:23+00:00","breadcrumb":{"@id":"https:\/\/barelon.consulting\/product\/tax-report\/#breadcrumb"},"inLanguage":"de","potentialAction":[{"@type":"ReadAction","target":["https:\/\/barelon.consulting\/product\/tax-report\/"]}]},{"@type":"BreadcrumbList","@id":"https:\/\/barelon.consulting\/product\/tax-report\/#breadcrumb","itemListElement":[{"@type":"ListItem","position":1,"name":"Home","item":"https:\/\/barelon.consulting\/"},{"@type":"ListItem","position":2,"name":"Shop","item":"https:\/\/barelon.consulting\/shop\/"},{"@type":"ListItem","position":3,"name":"Tax report"}]}]}},"_links":{"self":[{"href":"https:\/\/barelon.consulting\/de\/wp-json\/wp\/v2\/product\/560","targetHints":{"allow":["GET"]}}],"collection":[{"href":"https:\/\/barelon.consulting\/de\/wp-json\/wp\/v2\/product"}],"about":[{"href":"https:\/\/barelon.consulting\/de\/wp-json\/wp\/v2\/types\/product"}],"replies":[{"embeddable":true,"href":"https:\/\/barelon.consulting\/de\/wp-json\/wp\/v2\/comments?post=560"}],"wp:attachment":[{"href":"https:\/\/barelon.consulting\/de\/wp-json\/wp\/v2\/media?parent=560"}],"wp:term":[{"taxonomy":"product_cat","embeddable":true,"href":"https:\/\/barelon.consulting\/de\/wp-json\/wp\/v2\/product_cat?post=560"},{"taxonomy":"product_tag","embeddable":true,"href":"https:\/\/barelon.consulting\/de\/wp-json\/wp\/v2\/product_tag?post=560"}],"curies":[{"name":"wp","href":"https:\/\/api.w.org\/{rel}","templated":true}]}}