{"id":561,"date":"2022-03-16T09:57:21","date_gmt":"2022-03-16T09:57:21","guid":{"rendered":"https:\/\/barelon.consulting\/?post_type=product&#038;p=561"},"modified":"2022-05-16T06:46:14","modified_gmt":"2022-05-16T06:46:14","slug":"retirement-planning","status":"publish","type":"product","link":"https:\/\/barelon.consulting\/de\/produkt\/retirement-planning\/","title":{"rendered":"Ruhestandsplanung"},"content":{"rendered":"<p><span style=\"font-weight: 400;\">Unsere Experten bieten Ihnen umfassende Unterst\u00fctzung bei der Erreichung Ihrer Ziele und der Erstellung einer Finanzstrategie f\u00fcr die Verwaltung Ihrer Ruhestandsgelder (Ersparnisse, Investitionen, Aussch\u00fcttungen). Wir sind bereit, Ihnen dabei zu helfen, sich bei jedem Schritt vorbereitet zu f\u00fchlen.<\/span><\/p>","protected":false},"excerpt":{"rendered":"<p>Unsere Experten bieten Ihnen umfassende Unterst\u00fctzung bei der Erreichung Ihrer Ziele und der Erstellung einer Finanzstrategie f\u00fcr die Verwaltung Ihrer Ruhestandsgelder (Ersparnisse, Investitionen, Aussch\u00fcttungen). Wir sind bereit, Ihnen dabei zu helfen, sich bei jedem Schritt vorbereitet zu f\u00fchlen.<\/p>","protected":false},"featured_media":0,"comment_status":"open","ping_status":"closed","template":"","meta":[],"product_cat":[34],"product_tag":[],"class_list":["post-561","product","type-product","status-publish","hentry","product_cat-services"],"yoast_head":"<!-- This site is optimized with the Yoast SEO plugin v18.3 - https:\/\/yoast.com\/wordpress\/plugins\/seo\/ -->\n<title>Retirement planning - Barelon Consulting<\/title>\n<meta name=\"robots\" content=\"index, follow, max-snippet:-1, max-image-preview:large, max-video-preview:-1\" \/>\n<link rel=\"canonical\" href=\"https:\/\/barelon.consulting\/de\/produkt\/retirement-planning\/\" \/>\n<meta property=\"og:locale\" content=\"de_DE\" \/>\n<meta property=\"og:type\" content=\"article\" \/>\n<meta property=\"og:title\" content=\"Retirement planning - Barelon Consulting\" \/>\n<meta property=\"og:description\" content=\"Our experts will provide comprehensive assistance to reach your goals and draw up the financial strategy of retirement money managing (savings, investments, distribution). We are ready to help you feel prepared every step of the way.\" \/>\n<meta property=\"og:url\" content=\"https:\/\/barelon.consulting\/de\/produkt\/retirement-planning\/\" \/>\n<meta property=\"og:site_name\" content=\"Barelon Consulting\" \/>\n<meta property=\"article:modified_time\" content=\"2022-05-16T06:46:14+00:00\" \/>\n<meta name=\"twitter:card\" content=\"summary_large_image\" \/>\n<script type=\"application\/ld+json\" class=\"yoast-schema-graph\">{\"@context\":\"https:\/\/schema.org\",\"@graph\":[{\"@type\":\"WebSite\",\"@id\":\"https:\/\/barelon.consulting\/#website\",\"url\":\"https:\/\/barelon.consulting\/\",\"name\":\"Barelon Consulting\",\"description\":\"\",\"potentialAction\":[{\"@type\":\"SearchAction\",\"target\":{\"@type\":\"EntryPoint\",\"urlTemplate\":\"https:\/\/barelon.consulting\/?s={search_term_string}\"},\"query-input\":\"required name=search_term_string\"}],\"inLanguage\":\"de\"},{\"@type\":\"WebPage\",\"@id\":\"https:\/\/barelon.consulting\/product\/retirement-planning\/#webpage\",\"url\":\"https:\/\/barelon.consulting\/product\/retirement-planning\/\",\"name\":\"Retirement planning - Barelon Consulting\",\"isPartOf\":{\"@id\":\"https:\/\/barelon.consulting\/#website\"},\"datePublished\":\"2022-03-16T09:57:21+00:00\",\"dateModified\":\"2022-05-16T06:46:14+00:00\",\"breadcrumb\":{\"@id\":\"https:\/\/barelon.consulting\/product\/retirement-planning\/#breadcrumb\"},\"inLanguage\":\"de\",\"potentialAction\":[{\"@type\":\"ReadAction\",\"target\":[\"https:\/\/barelon.consulting\/product\/retirement-planning\/\"]}]},{\"@type\":\"BreadcrumbList\",\"@id\":\"https:\/\/barelon.consulting\/product\/retirement-planning\/#breadcrumb\",\"itemListElement\":[{\"@type\":\"ListItem\",\"position\":1,\"name\":\"Home\",\"item\":\"https:\/\/barelon.consulting\/\"},{\"@type\":\"ListItem\",\"position\":2,\"name\":\"Shop\",\"item\":\"https:\/\/barelon.consulting\/shop\/\"},{\"@type\":\"ListItem\",\"position\":3,\"name\":\"Retirement planning\"}]}]}<\/script>\n<!-- \/ Yoast SEO plugin. -->","yoast_head_json":{"title":"Retirement planning - Barelon Consulting","robots":{"index":"index","follow":"follow","max-snippet":"max-snippet:-1","max-image-preview":"max-image-preview:large","max-video-preview":"max-video-preview:-1"},"canonical":"https:\/\/barelon.consulting\/de\/produkt\/retirement-planning\/","og_locale":"de_DE","og_type":"article","og_title":"Retirement planning - Barelon Consulting","og_description":"Our experts will provide comprehensive assistance to reach your goals and draw up the financial strategy of retirement money managing (savings, investments, distribution). We are ready to help you feel prepared every step of the way.","og_url":"https:\/\/barelon.consulting\/de\/produkt\/retirement-planning\/","og_site_name":"Barelon Consulting","article_modified_time":"2022-05-16T06:46:14+00:00","twitter_card":"summary_large_image","schema":{"@context":"https:\/\/schema.org","@graph":[{"@type":"WebSite","@id":"https:\/\/barelon.consulting\/#website","url":"https:\/\/barelon.consulting\/","name":"Barelon Consulting","description":"","potentialAction":[{"@type":"SearchAction","target":{"@type":"EntryPoint","urlTemplate":"https:\/\/barelon.consulting\/?s={search_term_string}"},"query-input":"required name=search_term_string"}],"inLanguage":"de"},{"@type":"WebPage","@id":"https:\/\/barelon.consulting\/product\/retirement-planning\/#webpage","url":"https:\/\/barelon.consulting\/product\/retirement-planning\/","name":"Retirement planning - Barelon Consulting","isPartOf":{"@id":"https:\/\/barelon.consulting\/#website"},"datePublished":"2022-03-16T09:57:21+00:00","dateModified":"2022-05-16T06:46:14+00:00","breadcrumb":{"@id":"https:\/\/barelon.consulting\/product\/retirement-planning\/#breadcrumb"},"inLanguage":"de","potentialAction":[{"@type":"ReadAction","target":["https:\/\/barelon.consulting\/product\/retirement-planning\/"]}]},{"@type":"BreadcrumbList","@id":"https:\/\/barelon.consulting\/product\/retirement-planning\/#breadcrumb","itemListElement":[{"@type":"ListItem","position":1,"name":"Home","item":"https:\/\/barelon.consulting\/"},{"@type":"ListItem","position":2,"name":"Shop","item":"https:\/\/barelon.consulting\/shop\/"},{"@type":"ListItem","position":3,"name":"Retirement planning"}]}]}},"_links":{"self":[{"href":"https:\/\/barelon.consulting\/de\/wp-json\/wp\/v2\/product\/561","targetHints":{"allow":["GET"]}}],"collection":[{"href":"https:\/\/barelon.consulting\/de\/wp-json\/wp\/v2\/product"}],"about":[{"href":"https:\/\/barelon.consulting\/de\/wp-json\/wp\/v2\/types\/product"}],"replies":[{"embeddable":true,"href":"https:\/\/barelon.consulting\/de\/wp-json\/wp\/v2\/comments?post=561"}],"wp:attachment":[{"href":"https:\/\/barelon.consulting\/de\/wp-json\/wp\/v2\/media?parent=561"}],"wp:term":[{"taxonomy":"product_cat","embeddable":true,"href":"https:\/\/barelon.consulting\/de\/wp-json\/wp\/v2\/product_cat?post=561"},{"taxonomy":"product_tag","embeddable":true,"href":"https:\/\/barelon.consulting\/de\/wp-json\/wp\/v2\/product_tag?post=561"}],"curies":[{"name":"wp","href":"https:\/\/api.w.org\/{rel}","templated":true}]}}