{"id":562,"date":"2022-03-16T09:57:43","date_gmt":"2022-03-16T09:57:43","guid":{"rendered":"https:\/\/barelon.consulting\/?post_type=product&#038;p=562"},"modified":"2022-05-16T06:55:37","modified_gmt":"2022-05-16T06:55:37","slug":"vat-refund","status":"publish","type":"product","link":"https:\/\/barelon.consulting\/de\/produkt\/vat-refund\/","title":{"rendered":"Mehrwertsteuer-R\u00fcckerstattung"},"content":{"rendered":"<p><span style=\"font-weight: 400;\">Wir k\u00f6nnen Ihnen bei der Vorbereitung von Dokumenten f\u00fcr eine erfolgreiche Mehrwertsteuerr\u00fcckerstattung helfen.<\/span><\/p>\n<p><span style=\"font-weight: 400;\">Unsere erfahrenen Fachleute k\u00f6nnen eine L\u00f6sung finden, ohne vor Gericht zu gehen. Kontaktieren Sie uns und wir verraten Ihnen, wie.<\/span><\/p>","protected":false},"excerpt":{"rendered":"<p>We will assist you in preparing documents for a successful VAT refund. Our experienced professionals can find a solution without going to court. Contact us, and we&#8217;ll tell you how.<\/p>","protected":false},"featured_media":0,"comment_status":"open","ping_status":"closed","template":"","meta":[],"product_cat":[34],"product_tag":[],"class_list":["post-562","product","type-product","status-publish","hentry","product_cat-services"],"yoast_head":"<!-- This site is optimized with the Yoast SEO plugin v18.3 - https:\/\/yoast.com\/wordpress\/plugins\/seo\/ -->\n<title>VAT refund - Barelon Consulting<\/title>\n<meta name=\"robots\" content=\"index, follow, max-snippet:-1, max-image-preview:large, max-video-preview:-1\" \/>\n<link rel=\"canonical\" href=\"https:\/\/barelon.consulting\/de\/produkt\/vat-refund\/\" \/>\n<meta property=\"og:locale\" content=\"de_DE\" \/>\n<meta property=\"og:type\" content=\"article\" \/>\n<meta property=\"og:title\" content=\"VAT refund - Barelon Consulting\" \/>\n<meta property=\"og:description\" content=\"We will assist you in preparing documents for a successful VAT refund. Our experienced professionals can find a solution without going to court. Contact us, and we&#8217;ll tell you how.\" \/>\n<meta property=\"og:url\" content=\"https:\/\/barelon.consulting\/de\/produkt\/vat-refund\/\" \/>\n<meta property=\"og:site_name\" content=\"Barelon Consulting\" \/>\n<meta property=\"article:modified_time\" content=\"2022-05-16T06:55:37+00:00\" \/>\n<meta name=\"twitter:card\" content=\"summary_large_image\" \/>\n<script type=\"application\/ld+json\" class=\"yoast-schema-graph\">{\"@context\":\"https:\/\/schema.org\",\"@graph\":[{\"@type\":\"WebSite\",\"@id\":\"https:\/\/barelon.consulting\/#website\",\"url\":\"https:\/\/barelon.consulting\/\",\"name\":\"Barelon Consulting\",\"description\":\"\",\"potentialAction\":[{\"@type\":\"SearchAction\",\"target\":{\"@type\":\"EntryPoint\",\"urlTemplate\":\"https:\/\/barelon.consulting\/?s={search_term_string}\"},\"query-input\":\"required name=search_term_string\"}],\"inLanguage\":\"de\"},{\"@type\":\"WebPage\",\"@id\":\"https:\/\/barelon.consulting\/product\/vat-refund\/#webpage\",\"url\":\"https:\/\/barelon.consulting\/product\/vat-refund\/\",\"name\":\"VAT refund - Barelon Consulting\",\"isPartOf\":{\"@id\":\"https:\/\/barelon.consulting\/#website\"},\"datePublished\":\"2022-03-16T09:57:43+00:00\",\"dateModified\":\"2022-05-16T06:55:37+00:00\",\"breadcrumb\":{\"@id\":\"https:\/\/barelon.consulting\/product\/vat-refund\/#breadcrumb\"},\"inLanguage\":\"de\",\"potentialAction\":[{\"@type\":\"ReadAction\",\"target\":[\"https:\/\/barelon.consulting\/product\/vat-refund\/\"]}]},{\"@type\":\"BreadcrumbList\",\"@id\":\"https:\/\/barelon.consulting\/product\/vat-refund\/#breadcrumb\",\"itemListElement\":[{\"@type\":\"ListItem\",\"position\":1,\"name\":\"Home\",\"item\":\"https:\/\/barelon.consulting\/\"},{\"@type\":\"ListItem\",\"position\":2,\"name\":\"Shop\",\"item\":\"https:\/\/barelon.consulting\/shop\/\"},{\"@type\":\"ListItem\",\"position\":3,\"name\":\"VAT refund\"}]}]}<\/script>\n<!-- \/ Yoast SEO plugin. -->","yoast_head_json":{"title":"VAT refund - Barelon Consulting","robots":{"index":"index","follow":"follow","max-snippet":"max-snippet:-1","max-image-preview":"max-image-preview:large","max-video-preview":"max-video-preview:-1"},"canonical":"https:\/\/barelon.consulting\/de\/produkt\/vat-refund\/","og_locale":"de_DE","og_type":"article","og_title":"VAT refund - Barelon Consulting","og_description":"We will assist you in preparing documents for a successful VAT refund. Our experienced professionals can find a solution without going to court. Contact us, and we&#8217;ll tell you how.","og_url":"https:\/\/barelon.consulting\/de\/produkt\/vat-refund\/","og_site_name":"Barelon Consulting","article_modified_time":"2022-05-16T06:55:37+00:00","twitter_card":"summary_large_image","schema":{"@context":"https:\/\/schema.org","@graph":[{"@type":"WebSite","@id":"https:\/\/barelon.consulting\/#website","url":"https:\/\/barelon.consulting\/","name":"Barelon Consulting","description":"","potentialAction":[{"@type":"SearchAction","target":{"@type":"EntryPoint","urlTemplate":"https:\/\/barelon.consulting\/?s={search_term_string}"},"query-input":"required name=search_term_string"}],"inLanguage":"de"},{"@type":"WebPage","@id":"https:\/\/barelon.consulting\/product\/vat-refund\/#webpage","url":"https:\/\/barelon.consulting\/product\/vat-refund\/","name":"VAT refund - Barelon Consulting","isPartOf":{"@id":"https:\/\/barelon.consulting\/#website"},"datePublished":"2022-03-16T09:57:43+00:00","dateModified":"2022-05-16T06:55:37+00:00","breadcrumb":{"@id":"https:\/\/barelon.consulting\/product\/vat-refund\/#breadcrumb"},"inLanguage":"de","potentialAction":[{"@type":"ReadAction","target":["https:\/\/barelon.consulting\/product\/vat-refund\/"]}]},{"@type":"BreadcrumbList","@id":"https:\/\/barelon.consulting\/product\/vat-refund\/#breadcrumb","itemListElement":[{"@type":"ListItem","position":1,"name":"Home","item":"https:\/\/barelon.consulting\/"},{"@type":"ListItem","position":2,"name":"Shop","item":"https:\/\/barelon.consulting\/shop\/"},{"@type":"ListItem","position":3,"name":"VAT refund"}]}]}},"_links":{"self":[{"href":"https:\/\/barelon.consulting\/de\/wp-json\/wp\/v2\/product\/562","targetHints":{"allow":["GET"]}}],"collection":[{"href":"https:\/\/barelon.consulting\/de\/wp-json\/wp\/v2\/product"}],"about":[{"href":"https:\/\/barelon.consulting\/de\/wp-json\/wp\/v2\/types\/product"}],"replies":[{"embeddable":true,"href":"https:\/\/barelon.consulting\/de\/wp-json\/wp\/v2\/comments?post=562"}],"wp:attachment":[{"href":"https:\/\/barelon.consulting\/de\/wp-json\/wp\/v2\/media?parent=562"}],"wp:term":[{"taxonomy":"product_cat","embeddable":true,"href":"https:\/\/barelon.consulting\/de\/wp-json\/wp\/v2\/product_cat?post=562"},{"taxonomy":"product_tag","embeddable":true,"href":"https:\/\/barelon.consulting\/de\/wp-json\/wp\/v2\/product_tag?post=562"}],"curies":[{"name":"wp","href":"https:\/\/api.w.org\/{rel}","templated":true}]}}