{"id":563,"date":"2022-03-16T09:58:10","date_gmt":"2022-03-16T09:58:10","guid":{"rendered":"https:\/\/barelon.consulting\/?post_type=product&#038;p=563"},"modified":"2022-05-16T06:46:20","modified_gmt":"2022-05-16T06:46:20","slug":"tax-planning","status":"publish","type":"product","link":"https:\/\/barelon.consulting\/de\/produkt\/tax-planning\/","title":{"rendered":"Steuerplanung"},"content":{"rendered":"<p><span style=\"font-weight: 400;\">Wir bieten professionelle Steueranalysen, die Entwicklung von Strategien und die Berechnung m\u00f6glicher Risiken. Wir f\u00fchren eine breite Palette von Ma\u00dfnahmen f\u00fcr Steuerzahler durch, um die H\u00f6he von Steuern, Geb\u00fchren und anderen obligatorischen Zahlungen zu reduzieren und so Geld zu sparen.<\/span><\/p>","protected":false},"excerpt":{"rendered":"<p>Wir bieten professionelle Steueranalysen, die Entwicklung von Strategien und die Berechnung m\u00f6glicher Risiken. Wir f\u00fchren eine breite Palette von Ma\u00dfnahmen f\u00fcr Steuerzahler durch, um die H\u00f6he von Steuern, Geb\u00fchren und anderen obligatorischen Zahlungen zu reduzieren und so Geld zu sparen.<\/p>","protected":false},"featured_media":0,"comment_status":"open","ping_status":"closed","template":"","meta":[],"product_cat":[34],"product_tag":[],"class_list":["post-563","product","type-product","status-publish","hentry","product_cat-services"],"yoast_head":"<!-- This site is optimized with the Yoast SEO plugin v18.3 - https:\/\/yoast.com\/wordpress\/plugins\/seo\/ -->\n<title>Tax planning - Barelon Consulting<\/title>\n<meta name=\"robots\" content=\"index, follow, max-snippet:-1, max-image-preview:large, max-video-preview:-1\" \/>\n<link rel=\"canonical\" href=\"https:\/\/barelon.consulting\/de\/produkt\/tax-planning\/\" \/>\n<meta property=\"og:locale\" content=\"de_DE\" \/>\n<meta property=\"og:type\" content=\"article\" \/>\n<meta property=\"og:title\" content=\"Tax planning - Barelon Consulting\" \/>\n<meta property=\"og:description\" content=\"We offer professional tax analysis, strategy development, and miscalculation of possible risks. We carry out a wide range of actions for taxpayers to reduce the amount of taxes, fees and other mandatory payments to save money.\" \/>\n<meta property=\"og:url\" content=\"https:\/\/barelon.consulting\/de\/produkt\/tax-planning\/\" \/>\n<meta property=\"og:site_name\" content=\"Barelon Consulting\" \/>\n<meta property=\"article:modified_time\" content=\"2022-05-16T06:46:20+00:00\" \/>\n<meta name=\"twitter:card\" content=\"summary_large_image\" \/>\n<script type=\"application\/ld+json\" class=\"yoast-schema-graph\">{\"@context\":\"https:\/\/schema.org\",\"@graph\":[{\"@type\":\"WebSite\",\"@id\":\"https:\/\/barelon.consulting\/#website\",\"url\":\"https:\/\/barelon.consulting\/\",\"name\":\"Barelon Consulting\",\"description\":\"\",\"potentialAction\":[{\"@type\":\"SearchAction\",\"target\":{\"@type\":\"EntryPoint\",\"urlTemplate\":\"https:\/\/barelon.consulting\/?s={search_term_string}\"},\"query-input\":\"required name=search_term_string\"}],\"inLanguage\":\"de\"},{\"@type\":\"WebPage\",\"@id\":\"https:\/\/barelon.consulting\/product\/tax-planning\/#webpage\",\"url\":\"https:\/\/barelon.consulting\/product\/tax-planning\/\",\"name\":\"Tax planning - Barelon Consulting\",\"isPartOf\":{\"@id\":\"https:\/\/barelon.consulting\/#website\"},\"datePublished\":\"2022-03-16T09:58:10+00:00\",\"dateModified\":\"2022-05-16T06:46:20+00:00\",\"breadcrumb\":{\"@id\":\"https:\/\/barelon.consulting\/product\/tax-planning\/#breadcrumb\"},\"inLanguage\":\"de\",\"potentialAction\":[{\"@type\":\"ReadAction\",\"target\":[\"https:\/\/barelon.consulting\/product\/tax-planning\/\"]}]},{\"@type\":\"BreadcrumbList\",\"@id\":\"https:\/\/barelon.consulting\/product\/tax-planning\/#breadcrumb\",\"itemListElement\":[{\"@type\":\"ListItem\",\"position\":1,\"name\":\"Home\",\"item\":\"https:\/\/barelon.consulting\/\"},{\"@type\":\"ListItem\",\"position\":2,\"name\":\"Shop\",\"item\":\"https:\/\/barelon.consulting\/shop\/\"},{\"@type\":\"ListItem\",\"position\":3,\"name\":\"Tax planning\"}]}]}<\/script>\n<!-- \/ Yoast SEO plugin. -->","yoast_head_json":{"title":"Tax planning - Barelon Consulting","robots":{"index":"index","follow":"follow","max-snippet":"max-snippet:-1","max-image-preview":"max-image-preview:large","max-video-preview":"max-video-preview:-1"},"canonical":"https:\/\/barelon.consulting\/de\/produkt\/tax-planning\/","og_locale":"de_DE","og_type":"article","og_title":"Tax planning - Barelon Consulting","og_description":"We offer professional tax analysis, strategy development, and miscalculation of possible risks. We carry out a wide range of actions for taxpayers to reduce the amount of taxes, fees and other mandatory payments to save money.","og_url":"https:\/\/barelon.consulting\/de\/produkt\/tax-planning\/","og_site_name":"Barelon Consulting","article_modified_time":"2022-05-16T06:46:20+00:00","twitter_card":"summary_large_image","schema":{"@context":"https:\/\/schema.org","@graph":[{"@type":"WebSite","@id":"https:\/\/barelon.consulting\/#website","url":"https:\/\/barelon.consulting\/","name":"Barelon Consulting","description":"","potentialAction":[{"@type":"SearchAction","target":{"@type":"EntryPoint","urlTemplate":"https:\/\/barelon.consulting\/?s={search_term_string}"},"query-input":"required name=search_term_string"}],"inLanguage":"de"},{"@type":"WebPage","@id":"https:\/\/barelon.consulting\/product\/tax-planning\/#webpage","url":"https:\/\/barelon.consulting\/product\/tax-planning\/","name":"Tax planning - Barelon Consulting","isPartOf":{"@id":"https:\/\/barelon.consulting\/#website"},"datePublished":"2022-03-16T09:58:10+00:00","dateModified":"2022-05-16T06:46:20+00:00","breadcrumb":{"@id":"https:\/\/barelon.consulting\/product\/tax-planning\/#breadcrumb"},"inLanguage":"de","potentialAction":[{"@type":"ReadAction","target":["https:\/\/barelon.consulting\/product\/tax-planning\/"]}]},{"@type":"BreadcrumbList","@id":"https:\/\/barelon.consulting\/product\/tax-planning\/#breadcrumb","itemListElement":[{"@type":"ListItem","position":1,"name":"Home","item":"https:\/\/barelon.consulting\/"},{"@type":"ListItem","position":2,"name":"Shop","item":"https:\/\/barelon.consulting\/shop\/"},{"@type":"ListItem","position":3,"name":"Tax planning"}]}]}},"_links":{"self":[{"href":"https:\/\/barelon.consulting\/de\/wp-json\/wp\/v2\/product\/563","targetHints":{"allow":["GET"]}}],"collection":[{"href":"https:\/\/barelon.consulting\/de\/wp-json\/wp\/v2\/product"}],"about":[{"href":"https:\/\/barelon.consulting\/de\/wp-json\/wp\/v2\/types\/product"}],"replies":[{"embeddable":true,"href":"https:\/\/barelon.consulting\/de\/wp-json\/wp\/v2\/comments?post=563"}],"wp:attachment":[{"href":"https:\/\/barelon.consulting\/de\/wp-json\/wp\/v2\/media?parent=563"}],"wp:term":[{"taxonomy":"product_cat","embeddable":true,"href":"https:\/\/barelon.consulting\/de\/wp-json\/wp\/v2\/product_cat?post=563"},{"taxonomy":"product_tag","embeddable":true,"href":"https:\/\/barelon.consulting\/de\/wp-json\/wp\/v2\/product_tag?post=563"}],"curies":[{"name":"wp","href":"https:\/\/api.w.org\/{rel}","templated":true}]}}