{"id":564,"date":"2022-03-16T09:58:30","date_gmt":"2022-03-16T09:58:30","guid":{"rendered":"https:\/\/barelon.consulting\/?post_type=product&#038;p=564"},"modified":"2022-03-16T10:00:43","modified_gmt":"2022-03-16T10:00:43","slug":"declaration-of-income","status":"publish","type":"product","link":"https:\/\/barelon.consulting\/de\/produkt\/declaration-of-income\/","title":{"rendered":"Einkommensteuererkl\u00e4rung"},"content":{"rendered":"<p>\u00dcberlassen Sie die Vorbereitung der Erkl\u00e4rung unseren Fachleuten. Wir helfen Ihnen bei der Vorbereitung einer ordnungsgem\u00e4\u00df erstellten Einkommensteuererkl\u00e4rung, geben die H\u00f6he des im Berichtszeitraum erzielten Einkommens an und machen Angaben zu Ihren Immobilien (bewegliches Verm\u00f6gen) und den zur Vermietung \u00fcberlassenen Immobilien.<\/p>","protected":false},"excerpt":{"rendered":"<p>\u00dcberlassen Sie die Vorbereitung der Erkl\u00e4rung unseren Fachleuten. Wir helfen Ihnen bei der Vorbereitung einer ordnungsgem\u00e4\u00df erstellten Einkommensteuererkl\u00e4rung, geben die H\u00f6he des im Berichtszeitraum erzielten Einkommens an und machen Angaben zu Ihren Immobilien (bewegliches Verm\u00f6gen) und den zur Vermietung \u00fcberlassenen Immobilien.<\/p>","protected":false},"featured_media":0,"comment_status":"open","ping_status":"closed","template":"","meta":[],"product_cat":[34],"product_tag":[],"class_list":["post-564","product","type-product","status-publish","hentry","product_cat-services"],"yoast_head":"<!-- This site is optimized with the Yoast SEO plugin v18.3 - https:\/\/yoast.com\/wordpress\/plugins\/seo\/ -->\n<title>Declaration of income - Barelon Consulting<\/title>\n<meta name=\"robots\" content=\"index, follow, max-snippet:-1, max-image-preview:large, max-video-preview:-1\" \/>\n<link rel=\"canonical\" href=\"https:\/\/barelon.consulting\/de\/produkt\/declaration-of-income\/\" \/>\n<meta property=\"og:locale\" content=\"de_DE\" \/>\n<meta property=\"og:type\" content=\"article\" \/>\n<meta property=\"og:title\" content=\"Declaration of income - Barelon Consulting\" \/>\n<meta property=\"og:description\" content=\"Entrust the preparation of the declaration to our professionals. We will help you prepare a properly drawn up statement of income, indicate the amount of your income received in the reporting period, as well as information about your real estate (movable) property and property provided for rent.\" \/>\n<meta property=\"og:url\" content=\"https:\/\/barelon.consulting\/de\/produkt\/declaration-of-income\/\" \/>\n<meta property=\"og:site_name\" content=\"Barelon Consulting\" \/>\n<meta property=\"article:modified_time\" content=\"2022-03-16T10:00:43+00:00\" \/>\n<meta name=\"twitter:card\" content=\"summary_large_image\" \/>\n<script type=\"application\/ld+json\" class=\"yoast-schema-graph\">{\"@context\":\"https:\/\/schema.org\",\"@graph\":[{\"@type\":\"WebSite\",\"@id\":\"https:\/\/barelon.consulting\/#website\",\"url\":\"https:\/\/barelon.consulting\/\",\"name\":\"Barelon Consulting\",\"description\":\"\",\"potentialAction\":[{\"@type\":\"SearchAction\",\"target\":{\"@type\":\"EntryPoint\",\"urlTemplate\":\"https:\/\/barelon.consulting\/?s={search_term_string}\"},\"query-input\":\"required name=search_term_string\"}],\"inLanguage\":\"de\"},{\"@type\":\"WebPage\",\"@id\":\"https:\/\/barelon.consulting\/product\/declaration-of-income\/#webpage\",\"url\":\"https:\/\/barelon.consulting\/product\/declaration-of-income\/\",\"name\":\"Declaration of income - Barelon Consulting\",\"isPartOf\":{\"@id\":\"https:\/\/barelon.consulting\/#website\"},\"datePublished\":\"2022-03-16T09:58:30+00:00\",\"dateModified\":\"2022-03-16T10:00:43+00:00\",\"breadcrumb\":{\"@id\":\"https:\/\/barelon.consulting\/product\/declaration-of-income\/#breadcrumb\"},\"inLanguage\":\"de\",\"potentialAction\":[{\"@type\":\"ReadAction\",\"target\":[\"https:\/\/barelon.consulting\/product\/declaration-of-income\/\"]}]},{\"@type\":\"BreadcrumbList\",\"@id\":\"https:\/\/barelon.consulting\/product\/declaration-of-income\/#breadcrumb\",\"itemListElement\":[{\"@type\":\"ListItem\",\"position\":1,\"name\":\"Home\",\"item\":\"https:\/\/barelon.consulting\/\"},{\"@type\":\"ListItem\",\"position\":2,\"name\":\"Shop\",\"item\":\"https:\/\/barelon.consulting\/shop\/\"},{\"@type\":\"ListItem\",\"position\":3,\"name\":\"Declaration of income\"}]}]}<\/script>\n<!-- \/ Yoast SEO plugin. -->","yoast_head_json":{"title":"Declaration of income - Barelon Consulting","robots":{"index":"index","follow":"follow","max-snippet":"max-snippet:-1","max-image-preview":"max-image-preview:large","max-video-preview":"max-video-preview:-1"},"canonical":"https:\/\/barelon.consulting\/de\/produkt\/declaration-of-income\/","og_locale":"de_DE","og_type":"article","og_title":"Declaration of income - Barelon Consulting","og_description":"Entrust the preparation of the declaration to our professionals. We will help you prepare a properly drawn up statement of income, indicate the amount of your income received in the reporting period, as well as information about your real estate (movable) property and property provided for rent.","og_url":"https:\/\/barelon.consulting\/de\/produkt\/declaration-of-income\/","og_site_name":"Barelon Consulting","article_modified_time":"2022-03-16T10:00:43+00:00","twitter_card":"summary_large_image","schema":{"@context":"https:\/\/schema.org","@graph":[{"@type":"WebSite","@id":"https:\/\/barelon.consulting\/#website","url":"https:\/\/barelon.consulting\/","name":"Barelon Consulting","description":"","potentialAction":[{"@type":"SearchAction","target":{"@type":"EntryPoint","urlTemplate":"https:\/\/barelon.consulting\/?s={search_term_string}"},"query-input":"required name=search_term_string"}],"inLanguage":"de"},{"@type":"WebPage","@id":"https:\/\/barelon.consulting\/product\/declaration-of-income\/#webpage","url":"https:\/\/barelon.consulting\/product\/declaration-of-income\/","name":"Declaration of income - Barelon Consulting","isPartOf":{"@id":"https:\/\/barelon.consulting\/#website"},"datePublished":"2022-03-16T09:58:30+00:00","dateModified":"2022-03-16T10:00:43+00:00","breadcrumb":{"@id":"https:\/\/barelon.consulting\/product\/declaration-of-income\/#breadcrumb"},"inLanguage":"de","potentialAction":[{"@type":"ReadAction","target":["https:\/\/barelon.consulting\/product\/declaration-of-income\/"]}]},{"@type":"BreadcrumbList","@id":"https:\/\/barelon.consulting\/product\/declaration-of-income\/#breadcrumb","itemListElement":[{"@type":"ListItem","position":1,"name":"Home","item":"https:\/\/barelon.consulting\/"},{"@type":"ListItem","position":2,"name":"Shop","item":"https:\/\/barelon.consulting\/shop\/"},{"@type":"ListItem","position":3,"name":"Declaration of income"}]}]}},"_links":{"self":[{"href":"https:\/\/barelon.consulting\/de\/wp-json\/wp\/v2\/product\/564","targetHints":{"allow":["GET"]}}],"collection":[{"href":"https:\/\/barelon.consulting\/de\/wp-json\/wp\/v2\/product"}],"about":[{"href":"https:\/\/barelon.consulting\/de\/wp-json\/wp\/v2\/types\/product"}],"replies":[{"embeddable":true,"href":"https:\/\/barelon.consulting\/de\/wp-json\/wp\/v2\/comments?post=564"}],"wp:attachment":[{"href":"https:\/\/barelon.consulting\/de\/wp-json\/wp\/v2\/media?parent=564"}],"wp:term":[{"taxonomy":"product_cat","embeddable":true,"href":"https:\/\/barelon.consulting\/de\/wp-json\/wp\/v2\/product_cat?post=564"},{"taxonomy":"product_tag","embeddable":true,"href":"https:\/\/barelon.consulting\/de\/wp-json\/wp\/v2\/product_tag?post=564"}],"curies":[{"name":"wp","href":"https:\/\/api.w.org\/{rel}","templated":true}]}}