{"id":565,"date":"2022-03-16T09:58:50","date_gmt":"2022-03-16T09:58:50","guid":{"rendered":"https:\/\/barelon.consulting\/?post_type=product&#038;p=565"},"modified":"2022-03-16T10:00:39","modified_gmt":"2022-03-16T10:00:39","slug":"pre-trial-and-judicial-settlement-of-tax-disputes","status":"publish","type":"product","link":"https:\/\/barelon.consulting\/de\/produkt\/pre-trial-and-judicial-settlement-of-tax-disputes\/","title":{"rendered":"Vorgerichtliche und gerichtliche Beilegung von Steuerstreitigkeiten"},"content":{"rendered":"<p>Die Spezialisten von Barelon kennen die Rechte und Pflichten eines Steuerzahlers sowie die der Steuer- und Strafverfolgungsbeh\u00f6rden. Wir untersuchen die Beziehung zwischen den Parteien, ihre gegenseitigen Rechte und Pflichten, um rechtzeitig ein Gleichgewicht zwischen ihnen zu finden und \u00fcberm\u00e4\u00dfigen Druck auf den Kunden zu vermeiden. Unsere Aufgabe ist es, den Steuerstreit beizulegen, das Risiko zu minimieren und die kompetenteste L\u00f6sung zu finden.<\/p>","protected":false},"excerpt":{"rendered":"<p>Barelon specialists know what rights and obligations a taxpayer, as well as tax and law enforcement agencies, have. We study the parties&#8217; relationship, their mutual rights and obligations, finding a balance between them on time, avoiding excessive pressure on the client. Our task is to settle the tax dispute, minimise the risk, and find the [&hellip;]<\/p>","protected":false},"featured_media":0,"comment_status":"open","ping_status":"closed","template":"","meta":[],"product_cat":[34],"product_tag":[],"class_list":["post-565","product","type-product","status-publish","hentry","product_cat-services"],"yoast_head":"<!-- This site is optimized with the Yoast SEO plugin v18.3 - https:\/\/yoast.com\/wordpress\/plugins\/seo\/ -->\n<title>Pre-trial and judicial settlement of tax disputes - Barelon Consulting<\/title>\n<meta name=\"robots\" content=\"index, follow, max-snippet:-1, max-image-preview:large, max-video-preview:-1\" \/>\n<link rel=\"canonical\" href=\"https:\/\/barelon.consulting\/de\/produkt\/pre-trial-and-judicial-settlement-of-tax-disputes\/\" \/>\n<meta property=\"og:locale\" content=\"de_DE\" \/>\n<meta property=\"og:type\" content=\"article\" \/>\n<meta property=\"og:title\" content=\"Pre-trial and judicial settlement of tax disputes - Barelon Consulting\" \/>\n<meta property=\"og:description\" content=\"Barelon specialists know what rights and obligations a taxpayer, as well as tax and law enforcement agencies, have. We study the parties&#8217; relationship, their mutual rights and obligations, finding a balance between them on time, avoiding excessive pressure on the client. Our task is to settle the tax dispute, minimise the risk, and find the [&hellip;]\" \/>\n<meta property=\"og:url\" content=\"https:\/\/barelon.consulting\/de\/produkt\/pre-trial-and-judicial-settlement-of-tax-disputes\/\" \/>\n<meta property=\"og:site_name\" content=\"Barelon Consulting\" \/>\n<meta property=\"article:modified_time\" content=\"2022-03-16T10:00:39+00:00\" \/>\n<meta name=\"twitter:card\" content=\"summary_large_image\" \/>\n<script type=\"application\/ld+json\" class=\"yoast-schema-graph\">{\"@context\":\"https:\/\/schema.org\",\"@graph\":[{\"@type\":\"WebSite\",\"@id\":\"https:\/\/barelon.consulting\/#website\",\"url\":\"https:\/\/barelon.consulting\/\",\"name\":\"Barelon Consulting\",\"description\":\"\",\"potentialAction\":[{\"@type\":\"SearchAction\",\"target\":{\"@type\":\"EntryPoint\",\"urlTemplate\":\"https:\/\/barelon.consulting\/?s={search_term_string}\"},\"query-input\":\"required name=search_term_string\"}],\"inLanguage\":\"de\"},{\"@type\":\"WebPage\",\"@id\":\"https:\/\/barelon.consulting\/product\/pre-trial-and-judicial-settlement-of-tax-disputes\/#webpage\",\"url\":\"https:\/\/barelon.consulting\/product\/pre-trial-and-judicial-settlement-of-tax-disputes\/\",\"name\":\"Pre-trial and judicial settlement of tax disputes - Barelon Consulting\",\"isPartOf\":{\"@id\":\"https:\/\/barelon.consulting\/#website\"},\"datePublished\":\"2022-03-16T09:58:50+00:00\",\"dateModified\":\"2022-03-16T10:00:39+00:00\",\"breadcrumb\":{\"@id\":\"https:\/\/barelon.consulting\/product\/pre-trial-and-judicial-settlement-of-tax-disputes\/#breadcrumb\"},\"inLanguage\":\"de\",\"potentialAction\":[{\"@type\":\"ReadAction\",\"target\":[\"https:\/\/barelon.consulting\/product\/pre-trial-and-judicial-settlement-of-tax-disputes\/\"]}]},{\"@type\":\"BreadcrumbList\",\"@id\":\"https:\/\/barelon.consulting\/product\/pre-trial-and-judicial-settlement-of-tax-disputes\/#breadcrumb\",\"itemListElement\":[{\"@type\":\"ListItem\",\"position\":1,\"name\":\"Home\",\"item\":\"https:\/\/barelon.consulting\/\"},{\"@type\":\"ListItem\",\"position\":2,\"name\":\"Shop\",\"item\":\"https:\/\/barelon.consulting\/shop\/\"},{\"@type\":\"ListItem\",\"position\":3,\"name\":\"Pre-trial and judicial settlement of tax disputes\"}]}]}<\/script>\n<!-- \/ Yoast SEO plugin. -->","yoast_head_json":{"title":"Pre-trial and judicial settlement of tax disputes - Barelon Consulting","robots":{"index":"index","follow":"follow","max-snippet":"max-snippet:-1","max-image-preview":"max-image-preview:large","max-video-preview":"max-video-preview:-1"},"canonical":"https:\/\/barelon.consulting\/de\/produkt\/pre-trial-and-judicial-settlement-of-tax-disputes\/","og_locale":"de_DE","og_type":"article","og_title":"Pre-trial and judicial settlement of tax disputes - Barelon Consulting","og_description":"Barelon specialists know what rights and obligations a taxpayer, as well as tax and law enforcement agencies, have. We study the parties&#8217; relationship, their mutual rights and obligations, finding a balance between them on time, avoiding excessive pressure on the client. Our task is to settle the tax dispute, minimise the risk, and find the [&hellip;]","og_url":"https:\/\/barelon.consulting\/de\/produkt\/pre-trial-and-judicial-settlement-of-tax-disputes\/","og_site_name":"Barelon Consulting","article_modified_time":"2022-03-16T10:00:39+00:00","twitter_card":"summary_large_image","schema":{"@context":"https:\/\/schema.org","@graph":[{"@type":"WebSite","@id":"https:\/\/barelon.consulting\/#website","url":"https:\/\/barelon.consulting\/","name":"Barelon Consulting","description":"","potentialAction":[{"@type":"SearchAction","target":{"@type":"EntryPoint","urlTemplate":"https:\/\/barelon.consulting\/?s={search_term_string}"},"query-input":"required name=search_term_string"}],"inLanguage":"de"},{"@type":"WebPage","@id":"https:\/\/barelon.consulting\/product\/pre-trial-and-judicial-settlement-of-tax-disputes\/#webpage","url":"https:\/\/barelon.consulting\/product\/pre-trial-and-judicial-settlement-of-tax-disputes\/","name":"Pre-trial and judicial settlement of tax disputes - Barelon Consulting","isPartOf":{"@id":"https:\/\/barelon.consulting\/#website"},"datePublished":"2022-03-16T09:58:50+00:00","dateModified":"2022-03-16T10:00:39+00:00","breadcrumb":{"@id":"https:\/\/barelon.consulting\/product\/pre-trial-and-judicial-settlement-of-tax-disputes\/#breadcrumb"},"inLanguage":"de","potentialAction":[{"@type":"ReadAction","target":["https:\/\/barelon.consulting\/product\/pre-trial-and-judicial-settlement-of-tax-disputes\/"]}]},{"@type":"BreadcrumbList","@id":"https:\/\/barelon.consulting\/product\/pre-trial-and-judicial-settlement-of-tax-disputes\/#breadcrumb","itemListElement":[{"@type":"ListItem","position":1,"name":"Home","item":"https:\/\/barelon.consulting\/"},{"@type":"ListItem","position":2,"name":"Shop","item":"https:\/\/barelon.consulting\/shop\/"},{"@type":"ListItem","position":3,"name":"Pre-trial and judicial settlement of tax disputes"}]}]}},"_links":{"self":[{"href":"https:\/\/barelon.consulting\/de\/wp-json\/wp\/v2\/product\/565","targetHints":{"allow":["GET"]}}],"collection":[{"href":"https:\/\/barelon.consulting\/de\/wp-json\/wp\/v2\/product"}],"about":[{"href":"https:\/\/barelon.consulting\/de\/wp-json\/wp\/v2\/types\/product"}],"replies":[{"embeddable":true,"href":"https:\/\/barelon.consulting\/de\/wp-json\/wp\/v2\/comments?post=565"}],"wp:attachment":[{"href":"https:\/\/barelon.consulting\/de\/wp-json\/wp\/v2\/media?parent=565"}],"wp:term":[{"taxonomy":"product_cat","embeddable":true,"href":"https:\/\/barelon.consulting\/de\/wp-json\/wp\/v2\/product_cat?post=565"},{"taxonomy":"product_tag","embeddable":true,"href":"https:\/\/barelon.consulting\/de\/wp-json\/wp\/v2\/product_tag?post=565"}],"curies":[{"name":"wp","href":"https:\/\/api.w.org\/{rel}","templated":true}]}}