{"id":566,"date":"2022-03-16T09:59:16","date_gmt":"2022-03-16T09:59:16","guid":{"rendered":"https:\/\/barelon.consulting\/?post_type=product&#038;p=566"},"modified":"2022-03-16T10:00:35","modified_gmt":"2022-03-16T10:00:35","slug":"refund-from-the-budget-of-overpaid-collected-amounts-of-taxes","status":"publish","type":"product","link":"https:\/\/barelon.consulting\/de\/produkt\/refund-from-the-budget-of-overpaid-collected-amounts-of-taxes\/","title":{"rendered":"Erstattung von zu viel gezahlten\/eingetriebenen Steuerbetr\u00e4gen aus dem Haushalt."},"content":{"rendered":"<p>Unser Expertenteam kann Ihnen helfen, das Geld zur\u00fcckzubekommen, das Sie irrt\u00fcmlich oder zu viel gezahlt haben. Viele haben mindestens einmal zu viel an den Staatshaushalt gezahlt. Dabei kann es sich um staatliche Steuern f\u00fcr die Erbringung von Dienstleistungen durch staatliche Stellen handeln, aber auch um Bu\u00dfgelder oder die einfache Zahlung von Versorgungsleistungen. Wir formulieren und reichen eine Forderung ein und stellen umfassende Informationen f\u00fcr eine erfolgreiche L\u00f6sung des Falles zur Verf\u00fcgung.<\/p>","protected":false},"excerpt":{"rendered":"<p>Our expert team will help you return the erroneously or excessively paid funds in full. Many faced at least once excessively paid amounts to the state budget. It can be both state duties for the provision of any services by government agencies, as well as fines or simple payment of utilities. We formulate and submit [&hellip;]<\/p>","protected":false},"featured_media":0,"comment_status":"open","ping_status":"closed","template":"","meta":[],"product_cat":[34],"product_tag":[],"class_list":["post-566","product","type-product","status-publish","hentry","product_cat-services"],"yoast_head":"<!-- This site is optimized with the Yoast SEO plugin v18.3 - https:\/\/yoast.com\/wordpress\/plugins\/seo\/ -->\n<title>Refund from the budget of overpaid\/collected amounts of taxes - Barelon Consulting<\/title>\n<meta name=\"robots\" content=\"index, follow, max-snippet:-1, max-image-preview:large, max-video-preview:-1\" \/>\n<link rel=\"canonical\" href=\"https:\/\/barelon.consulting\/de\/produkt\/refund-from-the-budget-of-overpaid-collected-amounts-of-taxes\/\" \/>\n<meta property=\"og:locale\" content=\"de_DE\" \/>\n<meta property=\"og:type\" content=\"article\" \/>\n<meta property=\"og:title\" content=\"Refund from the budget of overpaid\/collected amounts of taxes - Barelon Consulting\" \/>\n<meta property=\"og:description\" content=\"Our expert team will help you return the erroneously or excessively paid funds in full. Many faced at least once excessively paid amounts to the state budget. It can be both state duties for the provision of any services by government agencies, as well as fines or simple payment of utilities. We formulate and submit [&hellip;]\" \/>\n<meta property=\"og:url\" content=\"https:\/\/barelon.consulting\/de\/produkt\/refund-from-the-budget-of-overpaid-collected-amounts-of-taxes\/\" \/>\n<meta property=\"og:site_name\" content=\"Barelon Consulting\" \/>\n<meta property=\"article:modified_time\" content=\"2022-03-16T10:00:35+00:00\" \/>\n<meta name=\"twitter:card\" content=\"summary_large_image\" \/>\n<script type=\"application\/ld+json\" class=\"yoast-schema-graph\">{\"@context\":\"https:\/\/schema.org\",\"@graph\":[{\"@type\":\"WebSite\",\"@id\":\"https:\/\/barelon.consulting\/#website\",\"url\":\"https:\/\/barelon.consulting\/\",\"name\":\"Barelon Consulting\",\"description\":\"\",\"potentialAction\":[{\"@type\":\"SearchAction\",\"target\":{\"@type\":\"EntryPoint\",\"urlTemplate\":\"https:\/\/barelon.consulting\/?s={search_term_string}\"},\"query-input\":\"required name=search_term_string\"}],\"inLanguage\":\"de\"},{\"@type\":\"WebPage\",\"@id\":\"https:\/\/barelon.consulting\/product\/refund-from-the-budget-of-overpaid-collected-amounts-of-taxes\/#webpage\",\"url\":\"https:\/\/barelon.consulting\/product\/refund-from-the-budget-of-overpaid-collected-amounts-of-taxes\/\",\"name\":\"Refund from the budget of overpaid\/collected amounts of taxes - Barelon Consulting\",\"isPartOf\":{\"@id\":\"https:\/\/barelon.consulting\/#website\"},\"datePublished\":\"2022-03-16T09:59:16+00:00\",\"dateModified\":\"2022-03-16T10:00:35+00:00\",\"breadcrumb\":{\"@id\":\"https:\/\/barelon.consulting\/product\/refund-from-the-budget-of-overpaid-collected-amounts-of-taxes\/#breadcrumb\"},\"inLanguage\":\"de\",\"potentialAction\":[{\"@type\":\"ReadAction\",\"target\":[\"https:\/\/barelon.consulting\/product\/refund-from-the-budget-of-overpaid-collected-amounts-of-taxes\/\"]}]},{\"@type\":\"BreadcrumbList\",\"@id\":\"https:\/\/barelon.consulting\/product\/refund-from-the-budget-of-overpaid-collected-amounts-of-taxes\/#breadcrumb\",\"itemListElement\":[{\"@type\":\"ListItem\",\"position\":1,\"name\":\"Home\",\"item\":\"https:\/\/barelon.consulting\/\"},{\"@type\":\"ListItem\",\"position\":2,\"name\":\"Shop\",\"item\":\"https:\/\/barelon.consulting\/shop\/\"},{\"@type\":\"ListItem\",\"position\":3,\"name\":\"Refund from the budget of overpaid\/collected amounts of taxes\"}]}]}<\/script>\n<!-- \/ Yoast SEO plugin. -->","yoast_head_json":{"title":"Refund from the budget of overpaid\/collected amounts of taxes - Barelon Consulting","robots":{"index":"index","follow":"follow","max-snippet":"max-snippet:-1","max-image-preview":"max-image-preview:large","max-video-preview":"max-video-preview:-1"},"canonical":"https:\/\/barelon.consulting\/de\/produkt\/refund-from-the-budget-of-overpaid-collected-amounts-of-taxes\/","og_locale":"de_DE","og_type":"article","og_title":"Refund from the budget of overpaid\/collected amounts of taxes - Barelon Consulting","og_description":"Our expert team will help you return the erroneously or excessively paid funds in full. Many faced at least once excessively paid amounts to the state budget. It can be both state duties for the provision of any services by government agencies, as well as fines or simple payment of utilities. We formulate and submit [&hellip;]","og_url":"https:\/\/barelon.consulting\/de\/produkt\/refund-from-the-budget-of-overpaid-collected-amounts-of-taxes\/","og_site_name":"Barelon Consulting","article_modified_time":"2022-03-16T10:00:35+00:00","twitter_card":"summary_large_image","schema":{"@context":"https:\/\/schema.org","@graph":[{"@type":"WebSite","@id":"https:\/\/barelon.consulting\/#website","url":"https:\/\/barelon.consulting\/","name":"Barelon Consulting","description":"","potentialAction":[{"@type":"SearchAction","target":{"@type":"EntryPoint","urlTemplate":"https:\/\/barelon.consulting\/?s={search_term_string}"},"query-input":"required name=search_term_string"}],"inLanguage":"de"},{"@type":"WebPage","@id":"https:\/\/barelon.consulting\/product\/refund-from-the-budget-of-overpaid-collected-amounts-of-taxes\/#webpage","url":"https:\/\/barelon.consulting\/product\/refund-from-the-budget-of-overpaid-collected-amounts-of-taxes\/","name":"Refund from the budget of overpaid\/collected amounts of taxes - Barelon Consulting","isPartOf":{"@id":"https:\/\/barelon.consulting\/#website"},"datePublished":"2022-03-16T09:59:16+00:00","dateModified":"2022-03-16T10:00:35+00:00","breadcrumb":{"@id":"https:\/\/barelon.consulting\/product\/refund-from-the-budget-of-overpaid-collected-amounts-of-taxes\/#breadcrumb"},"inLanguage":"de","potentialAction":[{"@type":"ReadAction","target":["https:\/\/barelon.consulting\/product\/refund-from-the-budget-of-overpaid-collected-amounts-of-taxes\/"]}]},{"@type":"BreadcrumbList","@id":"https:\/\/barelon.consulting\/product\/refund-from-the-budget-of-overpaid-collected-amounts-of-taxes\/#breadcrumb","itemListElement":[{"@type":"ListItem","position":1,"name":"Home","item":"https:\/\/barelon.consulting\/"},{"@type":"ListItem","position":2,"name":"Shop","item":"https:\/\/barelon.consulting\/shop\/"},{"@type":"ListItem","position":3,"name":"Refund from the budget of overpaid\/collected amounts of taxes"}]}]}},"_links":{"self":[{"href":"https:\/\/barelon.consulting\/de\/wp-json\/wp\/v2\/product\/566","targetHints":{"allow":["GET"]}}],"collection":[{"href":"https:\/\/barelon.consulting\/de\/wp-json\/wp\/v2\/product"}],"about":[{"href":"https:\/\/barelon.consulting\/de\/wp-json\/wp\/v2\/types\/product"}],"replies":[{"embeddable":true,"href":"https:\/\/barelon.consulting\/de\/wp-json\/wp\/v2\/comments?post=566"}],"wp:attachment":[{"href":"https:\/\/barelon.consulting\/de\/wp-json\/wp\/v2\/media?parent=566"}],"wp:term":[{"taxonomy":"product_cat","embeddable":true,"href":"https:\/\/barelon.consulting\/de\/wp-json\/wp\/v2\/product_cat?post=566"},{"taxonomy":"product_tag","embeddable":true,"href":"https:\/\/barelon.consulting\/de\/wp-json\/wp\/v2\/product_tag?post=566"}],"curies":[{"name":"wp","href":"https:\/\/api.w.org\/{rel}","templated":true}]}}