{"id":636,"date":"2022-03-16T12:42:43","date_gmt":"2022-03-16T12:42:43","guid":{"rendered":"https:\/\/barelon.consulting\/?post_type=product&#038;p=636"},"modified":"2022-03-16T12:42:43","modified_gmt":"2022-03-16T12:42:43","slug":"insurance-contract-consulting-and-maintaining","status":"publish","type":"product","link":"https:\/\/barelon.consulting\/de\/produkt\/insurance-contract-consulting-and-maintaining\/","title":{"rendered":"Insurance Contract Consulting and Maintaining"},"content":{"rendered":"<p><span style=\"font-weight: 400;\">Wir bieten unseren Kunden den Service, das von der Versicherungsgesellschaft, mit der Sie einen Vertrag abschlie\u00dfen m\u00f6chten, zur Verf\u00fcgung gestellte Formular f\u00fcr den Versicherungsvertrag zu analysieren. Wir f\u00fchren eine gr\u00fcndliche, qualifizierte Pr\u00fcfung des Vertrags mit einer detaillierten Erl\u00e4uterung aller Punkte durch, damit der Kunde analysieren kann, ob der Versicherungsschutz, den die Versicherungsgesellschaft Ihnen anbietet, Ihren Bed\u00fcrfnissen und Erwartungen entspricht.<\/span><\/p>","protected":false},"excerpt":{"rendered":"<p>We offer our client the service of analysing the insurance contract form provided by the insurance company with which you want to conclude a contract. We carry out a thoroughly qualified verification of the agreement with a detailed explanation of all points to the client to analyse the compliance with your needs and expectations of [&hellip;]<\/p>","protected":false},"featured_media":0,"comment_status":"open","ping_status":"closed","template":"","meta":[],"product_cat":[37],"product_tag":[],"class_list":["post-636","product","type-product","status-publish","hentry","product_cat-services-insurance-consulting"],"yoast_head":"<!-- This site is optimized with the Yoast SEO plugin v18.3 - https:\/\/yoast.com\/wordpress\/plugins\/seo\/ -->\n<title>Insurance Contract Consulting and Maintaining - Barelon Consulting<\/title>\n<meta name=\"robots\" content=\"index, follow, max-snippet:-1, max-image-preview:large, max-video-preview:-1\" \/>\n<link rel=\"canonical\" href=\"https:\/\/barelon.consulting\/de\/produkt\/insurance-contract-consulting-and-maintaining\/\" \/>\n<meta property=\"og:locale\" content=\"de_DE\" \/>\n<meta property=\"og:type\" content=\"article\" \/>\n<meta property=\"og:title\" content=\"Insurance Contract Consulting and Maintaining - Barelon Consulting\" \/>\n<meta property=\"og:description\" content=\"We offer our client the service of analysing the insurance contract form provided by the insurance company with which you want to conclude a contract. We carry out a thoroughly qualified verification of the agreement with a detailed explanation of all points to the client to analyse the compliance with your needs and expectations of [&hellip;]\" \/>\n<meta property=\"og:url\" content=\"https:\/\/barelon.consulting\/de\/produkt\/insurance-contract-consulting-and-maintaining\/\" \/>\n<meta property=\"og:site_name\" content=\"Barelon Consulting\" \/>\n<meta name=\"twitter:card\" content=\"summary_large_image\" \/>\n<script type=\"application\/ld+json\" class=\"yoast-schema-graph\">{\"@context\":\"https:\/\/schema.org\",\"@graph\":[{\"@type\":\"WebSite\",\"@id\":\"https:\/\/barelon.consulting\/#website\",\"url\":\"https:\/\/barelon.consulting\/\",\"name\":\"Barelon Consulting\",\"description\":\"\",\"potentialAction\":[{\"@type\":\"SearchAction\",\"target\":{\"@type\":\"EntryPoint\",\"urlTemplate\":\"https:\/\/barelon.consulting\/?s={search_term_string}\"},\"query-input\":\"required name=search_term_string\"}],\"inLanguage\":\"de\"},{\"@type\":\"WebPage\",\"@id\":\"https:\/\/barelon.consulting\/product\/insurance-contract-consulting-and-maintaining\/#webpage\",\"url\":\"https:\/\/barelon.consulting\/product\/insurance-contract-consulting-and-maintaining\/\",\"name\":\"Insurance Contract Consulting and Maintaining - Barelon Consulting\",\"isPartOf\":{\"@id\":\"https:\/\/barelon.consulting\/#website\"},\"datePublished\":\"2022-03-16T12:42:43+00:00\",\"dateModified\":\"2022-03-16T12:42:43+00:00\",\"breadcrumb\":{\"@id\":\"https:\/\/barelon.consulting\/product\/insurance-contract-consulting-and-maintaining\/#breadcrumb\"},\"inLanguage\":\"de\",\"potentialAction\":[{\"@type\":\"ReadAction\",\"target\":[\"https:\/\/barelon.consulting\/product\/insurance-contract-consulting-and-maintaining\/\"]}]},{\"@type\":\"BreadcrumbList\",\"@id\":\"https:\/\/barelon.consulting\/product\/insurance-contract-consulting-and-maintaining\/#breadcrumb\",\"itemListElement\":[{\"@type\":\"ListItem\",\"position\":1,\"name\":\"Home\",\"item\":\"https:\/\/barelon.consulting\/\"},{\"@type\":\"ListItem\",\"position\":2,\"name\":\"Shop\",\"item\":\"https:\/\/barelon.consulting\/shop\/\"},{\"@type\":\"ListItem\",\"position\":3,\"name\":\"Insurance Contract Consulting and Maintaining\"}]}]}<\/script>\n<!-- \/ Yoast SEO plugin. -->","yoast_head_json":{"title":"Insurance Contract Consulting and Maintaining - Barelon Consulting","robots":{"index":"index","follow":"follow","max-snippet":"max-snippet:-1","max-image-preview":"max-image-preview:large","max-video-preview":"max-video-preview:-1"},"canonical":"https:\/\/barelon.consulting\/de\/produkt\/insurance-contract-consulting-and-maintaining\/","og_locale":"de_DE","og_type":"article","og_title":"Insurance Contract Consulting and Maintaining - Barelon Consulting","og_description":"We offer our client the service of analysing the insurance contract form provided by the insurance company with which you want to conclude a contract. We carry out a thoroughly qualified verification of the agreement with a detailed explanation of all points to the client to analyse the compliance with your needs and expectations of [&hellip;]","og_url":"https:\/\/barelon.consulting\/de\/produkt\/insurance-contract-consulting-and-maintaining\/","og_site_name":"Barelon Consulting","twitter_card":"summary_large_image","schema":{"@context":"https:\/\/schema.org","@graph":[{"@type":"WebSite","@id":"https:\/\/barelon.consulting\/#website","url":"https:\/\/barelon.consulting\/","name":"Barelon Consulting","description":"","potentialAction":[{"@type":"SearchAction","target":{"@type":"EntryPoint","urlTemplate":"https:\/\/barelon.consulting\/?s={search_term_string}"},"query-input":"required name=search_term_string"}],"inLanguage":"de"},{"@type":"WebPage","@id":"https:\/\/barelon.consulting\/product\/insurance-contract-consulting-and-maintaining\/#webpage","url":"https:\/\/barelon.consulting\/product\/insurance-contract-consulting-and-maintaining\/","name":"Insurance Contract Consulting and Maintaining - Barelon Consulting","isPartOf":{"@id":"https:\/\/barelon.consulting\/#website"},"datePublished":"2022-03-16T12:42:43+00:00","dateModified":"2022-03-16T12:42:43+00:00","breadcrumb":{"@id":"https:\/\/barelon.consulting\/product\/insurance-contract-consulting-and-maintaining\/#breadcrumb"},"inLanguage":"de","potentialAction":[{"@type":"ReadAction","target":["https:\/\/barelon.consulting\/product\/insurance-contract-consulting-and-maintaining\/"]}]},{"@type":"BreadcrumbList","@id":"https:\/\/barelon.consulting\/product\/insurance-contract-consulting-and-maintaining\/#breadcrumb","itemListElement":[{"@type":"ListItem","position":1,"name":"Home","item":"https:\/\/barelon.consulting\/"},{"@type":"ListItem","position":2,"name":"Shop","item":"https:\/\/barelon.consulting\/shop\/"},{"@type":"ListItem","position":3,"name":"Insurance Contract Consulting and Maintaining"}]}]}},"_links":{"self":[{"href":"https:\/\/barelon.consulting\/de\/wp-json\/wp\/v2\/product\/636","targetHints":{"allow":["GET"]}}],"collection":[{"href":"https:\/\/barelon.consulting\/de\/wp-json\/wp\/v2\/product"}],"about":[{"href":"https:\/\/barelon.consulting\/de\/wp-json\/wp\/v2\/types\/product"}],"replies":[{"embeddable":true,"href":"https:\/\/barelon.consulting\/de\/wp-json\/wp\/v2\/comments?post=636"}],"wp:attachment":[{"href":"https:\/\/barelon.consulting\/de\/wp-json\/wp\/v2\/media?parent=636"}],"wp:term":[{"taxonomy":"product_cat","embeddable":true,"href":"https:\/\/barelon.consulting\/de\/wp-json\/wp\/v2\/product_cat?post=636"},{"taxonomy":"product_tag","embeddable":true,"href":"https:\/\/barelon.consulting\/de\/wp-json\/wp\/v2\/product_tag?post=636"}],"curies":[{"name":"wp","href":"https:\/\/api.w.org\/{rel}","templated":true}]}}