{"id":637,"date":"2022-03-16T12:43:04","date_gmt":"2022-03-16T12:43:04","guid":{"rendered":"https:\/\/barelon.consulting\/?post_type=product&#038;p=637"},"modified":"2022-03-16T12:43:04","modified_gmt":"2022-03-16T12:43:04","slug":"selection-of-the-optimal-package-health-property-insurance","status":"publish","type":"product","link":"https:\/\/barelon.consulting\/de\/produkt\/selection-of-the-optimal-package-health-property-insurance\/","title":{"rendered":"Auswahl des optimalen Pakets Kranken-\/Grundst\u00fccksversicherung."},"content":{"rendered":"<p>Die Experten unseres Unternehmens helfen Ihnen bei der Auswahl der g\u00fcnstigsten Absicherung f\u00fcr Ihre Gesundheit oder Ihr Eigentum.<br \/>\nAuf der Grundlage Ihrer Bed\u00fcrfnisse untersuchen wir die Versicherungstarife, die Zahlungsbedingungen der verschiedenen Versicherungsgesellschaften, die Deckung der versicherten Ereignisse, die Garantien der Versicherungsleistungen und vieles mehr.<br \/>\nWir verf\u00fcgen \u00fcber eine Datenbank mit Insiderinformationen und Bewertungen von Versicherungsgesellschaften auf dem Markt. Wir sind bestens mit verschiedenen Versicherungsprogrammen vertraut. Daher k\u00f6nnen wir den Kunden mit objektiven Informationen versorgen, um die geeignetste Wahl einer Versicherung zu treffen.<\/p>","protected":false},"excerpt":{"rendered":"<p>Our company&#8217;s experts will help you choose the most beneficial insurance for your health or property. Based on your needs, we study insurance fees, payment terms and conditions of various insurance companies, coverage of insured events, guarantees of insurance payments and much more. We own a database of insider information ratings of insurance companies on [&hellip;]<\/p>","protected":false},"featured_media":0,"comment_status":"open","ping_status":"closed","template":"","meta":[],"product_cat":[37],"product_tag":[],"class_list":["post-637","product","type-product","status-publish","hentry","product_cat-services-insurance-consulting"],"yoast_head":"<!-- This site is optimized with the Yoast SEO plugin v18.3 - https:\/\/yoast.com\/wordpress\/plugins\/seo\/ -->\n<title>Selection of the optimal Package Health\/Property Insurance - Barelon Consulting<\/title>\n<meta name=\"robots\" content=\"index, follow, max-snippet:-1, max-image-preview:large, max-video-preview:-1\" \/>\n<link rel=\"canonical\" href=\"https:\/\/barelon.consulting\/de\/produkt\/selection-of-the-optimal-package-health-property-insurance\/\" \/>\n<meta property=\"og:locale\" content=\"de_DE\" \/>\n<meta property=\"og:type\" content=\"article\" \/>\n<meta property=\"og:title\" content=\"Selection of the optimal Package Health\/Property Insurance - Barelon Consulting\" \/>\n<meta property=\"og:description\" content=\"Our company&#8217;s experts will help you choose the most beneficial insurance for your health or property. Based on your needs, we study insurance fees, payment terms and conditions of various insurance companies, coverage of insured events, guarantees of insurance payments and much more. We own a database of insider information ratings of insurance companies on [&hellip;]\" \/>\n<meta property=\"og:url\" content=\"https:\/\/barelon.consulting\/de\/produkt\/selection-of-the-optimal-package-health-property-insurance\/\" \/>\n<meta property=\"og:site_name\" content=\"Barelon Consulting\" \/>\n<meta name=\"twitter:card\" content=\"summary_large_image\" \/>\n<script type=\"application\/ld+json\" class=\"yoast-schema-graph\">{\"@context\":\"https:\/\/schema.org\",\"@graph\":[{\"@type\":\"WebSite\",\"@id\":\"https:\/\/barelon.consulting\/#website\",\"url\":\"https:\/\/barelon.consulting\/\",\"name\":\"Barelon Consulting\",\"description\":\"\",\"potentialAction\":[{\"@type\":\"SearchAction\",\"target\":{\"@type\":\"EntryPoint\",\"urlTemplate\":\"https:\/\/barelon.consulting\/?s={search_term_string}\"},\"query-input\":\"required name=search_term_string\"}],\"inLanguage\":\"de\"},{\"@type\":\"WebPage\",\"@id\":\"https:\/\/barelon.consulting\/product\/selection-of-the-optimal-package-health-property-insurance\/#webpage\",\"url\":\"https:\/\/barelon.consulting\/product\/selection-of-the-optimal-package-health-property-insurance\/\",\"name\":\"Selection of the optimal Package Health\/Property Insurance - Barelon Consulting\",\"isPartOf\":{\"@id\":\"https:\/\/barelon.consulting\/#website\"},\"datePublished\":\"2022-03-16T12:43:04+00:00\",\"dateModified\":\"2022-03-16T12:43:04+00:00\",\"breadcrumb\":{\"@id\":\"https:\/\/barelon.consulting\/product\/selection-of-the-optimal-package-health-property-insurance\/#breadcrumb\"},\"inLanguage\":\"de\",\"potentialAction\":[{\"@type\":\"ReadAction\",\"target\":[\"https:\/\/barelon.consulting\/product\/selection-of-the-optimal-package-health-property-insurance\/\"]}]},{\"@type\":\"BreadcrumbList\",\"@id\":\"https:\/\/barelon.consulting\/product\/selection-of-the-optimal-package-health-property-insurance\/#breadcrumb\",\"itemListElement\":[{\"@type\":\"ListItem\",\"position\":1,\"name\":\"Home\",\"item\":\"https:\/\/barelon.consulting\/\"},{\"@type\":\"ListItem\",\"position\":2,\"name\":\"Shop\",\"item\":\"https:\/\/barelon.consulting\/shop\/\"},{\"@type\":\"ListItem\",\"position\":3,\"name\":\"Selection of the optimal Package Health\/Property Insurance\"}]}]}<\/script>\n<!-- \/ Yoast SEO plugin. -->","yoast_head_json":{"title":"Selection of the optimal Package Health\/Property Insurance - Barelon Consulting","robots":{"index":"index","follow":"follow","max-snippet":"max-snippet:-1","max-image-preview":"max-image-preview:large","max-video-preview":"max-video-preview:-1"},"canonical":"https:\/\/barelon.consulting\/de\/produkt\/selection-of-the-optimal-package-health-property-insurance\/","og_locale":"de_DE","og_type":"article","og_title":"Selection of the optimal Package Health\/Property Insurance - Barelon Consulting","og_description":"Our company&#8217;s experts will help you choose the most beneficial insurance for your health or property. Based on your needs, we study insurance fees, payment terms and conditions of various insurance companies, coverage of insured events, guarantees of insurance payments and much more. We own a database of insider information ratings of insurance companies on [&hellip;]","og_url":"https:\/\/barelon.consulting\/de\/produkt\/selection-of-the-optimal-package-health-property-insurance\/","og_site_name":"Barelon Consulting","twitter_card":"summary_large_image","schema":{"@context":"https:\/\/schema.org","@graph":[{"@type":"WebSite","@id":"https:\/\/barelon.consulting\/#website","url":"https:\/\/barelon.consulting\/","name":"Barelon Consulting","description":"","potentialAction":[{"@type":"SearchAction","target":{"@type":"EntryPoint","urlTemplate":"https:\/\/barelon.consulting\/?s={search_term_string}"},"query-input":"required name=search_term_string"}],"inLanguage":"de"},{"@type":"WebPage","@id":"https:\/\/barelon.consulting\/product\/selection-of-the-optimal-package-health-property-insurance\/#webpage","url":"https:\/\/barelon.consulting\/product\/selection-of-the-optimal-package-health-property-insurance\/","name":"Selection of the optimal Package Health\/Property Insurance - Barelon Consulting","isPartOf":{"@id":"https:\/\/barelon.consulting\/#website"},"datePublished":"2022-03-16T12:43:04+00:00","dateModified":"2022-03-16T12:43:04+00:00","breadcrumb":{"@id":"https:\/\/barelon.consulting\/product\/selection-of-the-optimal-package-health-property-insurance\/#breadcrumb"},"inLanguage":"de","potentialAction":[{"@type":"ReadAction","target":["https:\/\/barelon.consulting\/product\/selection-of-the-optimal-package-health-property-insurance\/"]}]},{"@type":"BreadcrumbList","@id":"https:\/\/barelon.consulting\/product\/selection-of-the-optimal-package-health-property-insurance\/#breadcrumb","itemListElement":[{"@type":"ListItem","position":1,"name":"Home","item":"https:\/\/barelon.consulting\/"},{"@type":"ListItem","position":2,"name":"Shop","item":"https:\/\/barelon.consulting\/shop\/"},{"@type":"ListItem","position":3,"name":"Selection of the optimal Package Health\/Property Insurance"}]}]}},"_links":{"self":[{"href":"https:\/\/barelon.consulting\/de\/wp-json\/wp\/v2\/product\/637","targetHints":{"allow":["GET"]}}],"collection":[{"href":"https:\/\/barelon.consulting\/de\/wp-json\/wp\/v2\/product"}],"about":[{"href":"https:\/\/barelon.consulting\/de\/wp-json\/wp\/v2\/types\/product"}],"replies":[{"embeddable":true,"href":"https:\/\/barelon.consulting\/de\/wp-json\/wp\/v2\/comments?post=637"}],"wp:attachment":[{"href":"https:\/\/barelon.consulting\/de\/wp-json\/wp\/v2\/media?parent=637"}],"wp:term":[{"taxonomy":"product_cat","embeddable":true,"href":"https:\/\/barelon.consulting\/de\/wp-json\/wp\/v2\/product_cat?post=637"},{"taxonomy":"product_tag","embeddable":true,"href":"https:\/\/barelon.consulting\/de\/wp-json\/wp\/v2\/product_tag?post=637"}],"curies":[{"name":"wp","href":"https:\/\/api.w.org\/{rel}","templated":true}]}}