{"id":638,"date":"2022-03-16T12:43:20","date_gmt":"2022-03-16T12:43:20","guid":{"rendered":"https:\/\/barelon.consulting\/?post_type=product&#038;p=638"},"modified":"2022-03-16T12:43:20","modified_gmt":"2022-03-16T12:43:20","slug":"insurance-cost-optimisation","status":"publish","type":"product","link":"https:\/\/barelon.consulting\/de\/produkt\/insurance-cost-optimisation\/","title":{"rendered":"Optimierung der Versicherungskosten"},"content":{"rendered":"<p><span style=\"font-weight: 400;\">Unsere Versicherungsexperten analysieren die Versicherungskosten, die m\u00f6glichen Risiken und die Folgen, die auf den Kunden zukommen k\u00f6nnen. Unser Ziel ist es, unn\u00f6tige Ausgaben zu vermeiden und das notwendige Sicherheitspaket f\u00fcr unsere Kunden zu erhalten.<\/span><\/p>\n<p><span style=\"font-weight: 400;\">Da Versicherungsgesellschaften h\u00e4ufig bestehende Services und Bedingungen \u00e4ndern, bem\u00fchen wir uns, die Versicherungsgesellschaften regelm\u00e4\u00dfig zu \u00fcberpr\u00fcfen, ihre Richtlinien zu studieren und die f\u00fcr unsere Kunden am besten geeigneten Bedingungen zu finden.<\/span><\/p>","protected":false},"excerpt":{"rendered":"<p>Our insurance experts analyse insurance costs, possible risks and consequences that the client may face. Our goal is to avoid unnecessary expenses and receive the necessary insurance package for our clients. Since insurance companies often change existing services and conditions, we strive to regularly audit insurance companies, study their contracts and find the most suitable [&hellip;]<\/p>","protected":false},"featured_media":0,"comment_status":"open","ping_status":"closed","template":"","meta":[],"product_cat":[37],"product_tag":[],"class_list":["post-638","product","type-product","status-publish","hentry","product_cat-services-insurance-consulting"],"yoast_head":"<!-- This site is optimized with the Yoast SEO plugin v18.3 - https:\/\/yoast.com\/wordpress\/plugins\/seo\/ -->\n<title>Insurance Cost Optimisation - Barelon Consulting<\/title>\n<meta name=\"robots\" content=\"index, follow, max-snippet:-1, max-image-preview:large, max-video-preview:-1\" \/>\n<link rel=\"canonical\" href=\"https:\/\/barelon.consulting\/de\/produkt\/insurance-cost-optimisation\/\" \/>\n<meta property=\"og:locale\" content=\"de_DE\" \/>\n<meta property=\"og:type\" content=\"article\" \/>\n<meta property=\"og:title\" content=\"Insurance Cost Optimisation - Barelon Consulting\" \/>\n<meta property=\"og:description\" content=\"Our insurance experts analyse insurance costs, possible risks and consequences that the client may face. Our goal is to avoid unnecessary expenses and receive the necessary insurance package for our clients. Since insurance companies often change existing services and conditions, we strive to regularly audit insurance companies, study their contracts and find the most suitable [&hellip;]\" \/>\n<meta property=\"og:url\" content=\"https:\/\/barelon.consulting\/de\/produkt\/insurance-cost-optimisation\/\" \/>\n<meta property=\"og:site_name\" content=\"Barelon Consulting\" \/>\n<meta name=\"twitter:card\" content=\"summary_large_image\" \/>\n<script type=\"application\/ld+json\" class=\"yoast-schema-graph\">{\"@context\":\"https:\/\/schema.org\",\"@graph\":[{\"@type\":\"WebSite\",\"@id\":\"https:\/\/barelon.consulting\/#website\",\"url\":\"https:\/\/barelon.consulting\/\",\"name\":\"Barelon Consulting\",\"description\":\"\",\"potentialAction\":[{\"@type\":\"SearchAction\",\"target\":{\"@type\":\"EntryPoint\",\"urlTemplate\":\"https:\/\/barelon.consulting\/?s={search_term_string}\"},\"query-input\":\"required name=search_term_string\"}],\"inLanguage\":\"de\"},{\"@type\":\"WebPage\",\"@id\":\"https:\/\/barelon.consulting\/product\/insurance-cost-optimisation\/#webpage\",\"url\":\"https:\/\/barelon.consulting\/product\/insurance-cost-optimisation\/\",\"name\":\"Insurance Cost Optimisation - Barelon Consulting\",\"isPartOf\":{\"@id\":\"https:\/\/barelon.consulting\/#website\"},\"datePublished\":\"2022-03-16T12:43:20+00:00\",\"dateModified\":\"2022-03-16T12:43:20+00:00\",\"breadcrumb\":{\"@id\":\"https:\/\/barelon.consulting\/product\/insurance-cost-optimisation\/#breadcrumb\"},\"inLanguage\":\"de\",\"potentialAction\":[{\"@type\":\"ReadAction\",\"target\":[\"https:\/\/barelon.consulting\/product\/insurance-cost-optimisation\/\"]}]},{\"@type\":\"BreadcrumbList\",\"@id\":\"https:\/\/barelon.consulting\/product\/insurance-cost-optimisation\/#breadcrumb\",\"itemListElement\":[{\"@type\":\"ListItem\",\"position\":1,\"name\":\"Home\",\"item\":\"https:\/\/barelon.consulting\/\"},{\"@type\":\"ListItem\",\"position\":2,\"name\":\"Shop\",\"item\":\"https:\/\/barelon.consulting\/shop\/\"},{\"@type\":\"ListItem\",\"position\":3,\"name\":\"Insurance Cost Optimisation\"}]}]}<\/script>\n<!-- \/ Yoast SEO plugin. -->","yoast_head_json":{"title":"Insurance Cost Optimisation - Barelon Consulting","robots":{"index":"index","follow":"follow","max-snippet":"max-snippet:-1","max-image-preview":"max-image-preview:large","max-video-preview":"max-video-preview:-1"},"canonical":"https:\/\/barelon.consulting\/de\/produkt\/insurance-cost-optimisation\/","og_locale":"de_DE","og_type":"article","og_title":"Insurance Cost Optimisation - Barelon Consulting","og_description":"Our insurance experts analyse insurance costs, possible risks and consequences that the client may face. Our goal is to avoid unnecessary expenses and receive the necessary insurance package for our clients. Since insurance companies often change existing services and conditions, we strive to regularly audit insurance companies, study their contracts and find the most suitable [&hellip;]","og_url":"https:\/\/barelon.consulting\/de\/produkt\/insurance-cost-optimisation\/","og_site_name":"Barelon Consulting","twitter_card":"summary_large_image","schema":{"@context":"https:\/\/schema.org","@graph":[{"@type":"WebSite","@id":"https:\/\/barelon.consulting\/#website","url":"https:\/\/barelon.consulting\/","name":"Barelon Consulting","description":"","potentialAction":[{"@type":"SearchAction","target":{"@type":"EntryPoint","urlTemplate":"https:\/\/barelon.consulting\/?s={search_term_string}"},"query-input":"required name=search_term_string"}],"inLanguage":"de"},{"@type":"WebPage","@id":"https:\/\/barelon.consulting\/product\/insurance-cost-optimisation\/#webpage","url":"https:\/\/barelon.consulting\/product\/insurance-cost-optimisation\/","name":"Insurance Cost Optimisation - Barelon Consulting","isPartOf":{"@id":"https:\/\/barelon.consulting\/#website"},"datePublished":"2022-03-16T12:43:20+00:00","dateModified":"2022-03-16T12:43:20+00:00","breadcrumb":{"@id":"https:\/\/barelon.consulting\/product\/insurance-cost-optimisation\/#breadcrumb"},"inLanguage":"de","potentialAction":[{"@type":"ReadAction","target":["https:\/\/barelon.consulting\/product\/insurance-cost-optimisation\/"]}]},{"@type":"BreadcrumbList","@id":"https:\/\/barelon.consulting\/product\/insurance-cost-optimisation\/#breadcrumb","itemListElement":[{"@type":"ListItem","position":1,"name":"Home","item":"https:\/\/barelon.consulting\/"},{"@type":"ListItem","position":2,"name":"Shop","item":"https:\/\/barelon.consulting\/shop\/"},{"@type":"ListItem","position":3,"name":"Insurance Cost Optimisation"}]}]}},"_links":{"self":[{"href":"https:\/\/barelon.consulting\/de\/wp-json\/wp\/v2\/product\/638","targetHints":{"allow":["GET"]}}],"collection":[{"href":"https:\/\/barelon.consulting\/de\/wp-json\/wp\/v2\/product"}],"about":[{"href":"https:\/\/barelon.consulting\/de\/wp-json\/wp\/v2\/types\/product"}],"replies":[{"embeddable":true,"href":"https:\/\/barelon.consulting\/de\/wp-json\/wp\/v2\/comments?post=638"}],"wp:attachment":[{"href":"https:\/\/barelon.consulting\/de\/wp-json\/wp\/v2\/media?parent=638"}],"wp:term":[{"taxonomy":"product_cat","embeddable":true,"href":"https:\/\/barelon.consulting\/de\/wp-json\/wp\/v2\/product_cat?post=638"},{"taxonomy":"product_tag","embeddable":true,"href":"https:\/\/barelon.consulting\/de\/wp-json\/wp\/v2\/product_tag?post=638"}],"curies":[{"name":"wp","href":"https:\/\/api.w.org\/{rel}","templated":true}]}}