{"id":639,"date":"2022-03-16T12:43:38","date_gmt":"2022-03-16T12:43:38","guid":{"rendered":"https:\/\/barelon.consulting\/?post_type=product&#038;p=639"},"modified":"2022-03-16T12:43:38","modified_gmt":"2022-03-16T12:43:38","slug":"assistance-in-losses-settlement","status":"publish","type":"product","link":"https:\/\/barelon.consulting\/de\/produkt\/assistance-in-losses-settlement\/","title":{"rendered":"Support bei der Schadenregulierung"},"content":{"rendered":"<p><span style=\"font-weight: 400;\">Das Team von Barelon verf\u00fcgt \u00fcber umfangreiche Erfahrung bei der Regulierung von Schadensf\u00e4llen unterschiedlicher Komplexit\u00e4t und Gr\u00f6\u00dfenordnung. Wir geben Empfehlungen zur Verbesserung von Versicherungsvertr\u00e4gen und zur \u00dcberwachung von Schadenregulierungsprozessen. Wir bem\u00fchen uns, alle Verfahren f\u00fcr den Kunden transparent zu machen und Zahlungen zeitnah zu bearbeiten.<\/span><\/p>","protected":false},"excerpt":{"rendered":"<p>Das Team von Barelon verf\u00fcgt \u00fcber umfangreiche Erfahrung bei der Regulierung von Schadensf\u00e4llen unterschiedlicher Komplexit\u00e4t und Gr\u00f6\u00dfenordnung. Wir geben Empfehlungen zur Verbesserung von Versicherungsvertr\u00e4gen und zur \u00dcberwachung von Schadenregulierungsprozessen. Wir bem\u00fchen uns, alle Verfahren f\u00fcr den Kunden transparent zu machen und Zahlungen zeitnah zu bearbeiten.<\/p>","protected":false},"featured_media":0,"comment_status":"open","ping_status":"closed","template":"","meta":[],"product_cat":[37],"product_tag":[],"class_list":["post-639","product","type-product","status-publish","hentry","product_cat-services-insurance-consulting"],"yoast_head":"<!-- This site is optimized with the Yoast SEO plugin v18.3 - https:\/\/yoast.com\/wordpress\/plugins\/seo\/ -->\n<title>Assistance in Losses Settlement - Barelon Consulting<\/title>\n<meta name=\"robots\" content=\"index, follow, max-snippet:-1, max-image-preview:large, max-video-preview:-1\" \/>\n<link rel=\"canonical\" href=\"https:\/\/barelon.consulting\/de\/produkt\/assistance-in-losses-settlement\/\" \/>\n<meta property=\"og:locale\" content=\"de_DE\" \/>\n<meta property=\"og:type\" content=\"article\" \/>\n<meta property=\"og:title\" content=\"Assistance in Losses Settlement - Barelon Consulting\" \/>\n<meta property=\"og:description\" content=\"The Barelon team has extensive experience in settlement losses in varying complexity and scale. We provide recommendations on improving insurance contracts and controlling claim settlement processes. We strive to make all procedures clear for the client and the payment process on time.\" \/>\n<meta property=\"og:url\" content=\"https:\/\/barelon.consulting\/de\/produkt\/assistance-in-losses-settlement\/\" \/>\n<meta property=\"og:site_name\" content=\"Barelon Consulting\" \/>\n<meta name=\"twitter:card\" content=\"summary_large_image\" \/>\n<script type=\"application\/ld+json\" class=\"yoast-schema-graph\">{\"@context\":\"https:\/\/schema.org\",\"@graph\":[{\"@type\":\"WebSite\",\"@id\":\"https:\/\/barelon.consulting\/#website\",\"url\":\"https:\/\/barelon.consulting\/\",\"name\":\"Barelon Consulting\",\"description\":\"\",\"potentialAction\":[{\"@type\":\"SearchAction\",\"target\":{\"@type\":\"EntryPoint\",\"urlTemplate\":\"https:\/\/barelon.consulting\/?s={search_term_string}\"},\"query-input\":\"required name=search_term_string\"}],\"inLanguage\":\"de\"},{\"@type\":\"WebPage\",\"@id\":\"https:\/\/barelon.consulting\/product\/assistance-in-losses-settlement\/#webpage\",\"url\":\"https:\/\/barelon.consulting\/product\/assistance-in-losses-settlement\/\",\"name\":\"Assistance in Losses Settlement - Barelon Consulting\",\"isPartOf\":{\"@id\":\"https:\/\/barelon.consulting\/#website\"},\"datePublished\":\"2022-03-16T12:43:38+00:00\",\"dateModified\":\"2022-03-16T12:43:38+00:00\",\"breadcrumb\":{\"@id\":\"https:\/\/barelon.consulting\/product\/assistance-in-losses-settlement\/#breadcrumb\"},\"inLanguage\":\"de\",\"potentialAction\":[{\"@type\":\"ReadAction\",\"target\":[\"https:\/\/barelon.consulting\/product\/assistance-in-losses-settlement\/\"]}]},{\"@type\":\"BreadcrumbList\",\"@id\":\"https:\/\/barelon.consulting\/product\/assistance-in-losses-settlement\/#breadcrumb\",\"itemListElement\":[{\"@type\":\"ListItem\",\"position\":1,\"name\":\"Home\",\"item\":\"https:\/\/barelon.consulting\/\"},{\"@type\":\"ListItem\",\"position\":2,\"name\":\"Shop\",\"item\":\"https:\/\/barelon.consulting\/shop\/\"},{\"@type\":\"ListItem\",\"position\":3,\"name\":\"Assistance in Losses Settlement\"}]}]}<\/script>\n<!-- \/ Yoast SEO plugin. -->","yoast_head_json":{"title":"Assistance in Losses Settlement - Barelon Consulting","robots":{"index":"index","follow":"follow","max-snippet":"max-snippet:-1","max-image-preview":"max-image-preview:large","max-video-preview":"max-video-preview:-1"},"canonical":"https:\/\/barelon.consulting\/de\/produkt\/assistance-in-losses-settlement\/","og_locale":"de_DE","og_type":"article","og_title":"Assistance in Losses Settlement - Barelon Consulting","og_description":"The Barelon team has extensive experience in settlement losses in varying complexity and scale. We provide recommendations on improving insurance contracts and controlling claim settlement processes. We strive to make all procedures clear for the client and the payment process on time.","og_url":"https:\/\/barelon.consulting\/de\/produkt\/assistance-in-losses-settlement\/","og_site_name":"Barelon Consulting","twitter_card":"summary_large_image","schema":{"@context":"https:\/\/schema.org","@graph":[{"@type":"WebSite","@id":"https:\/\/barelon.consulting\/#website","url":"https:\/\/barelon.consulting\/","name":"Barelon Consulting","description":"","potentialAction":[{"@type":"SearchAction","target":{"@type":"EntryPoint","urlTemplate":"https:\/\/barelon.consulting\/?s={search_term_string}"},"query-input":"required name=search_term_string"}],"inLanguage":"de"},{"@type":"WebPage","@id":"https:\/\/barelon.consulting\/product\/assistance-in-losses-settlement\/#webpage","url":"https:\/\/barelon.consulting\/product\/assistance-in-losses-settlement\/","name":"Assistance in Losses Settlement - Barelon Consulting","isPartOf":{"@id":"https:\/\/barelon.consulting\/#website"},"datePublished":"2022-03-16T12:43:38+00:00","dateModified":"2022-03-16T12:43:38+00:00","breadcrumb":{"@id":"https:\/\/barelon.consulting\/product\/assistance-in-losses-settlement\/#breadcrumb"},"inLanguage":"de","potentialAction":[{"@type":"ReadAction","target":["https:\/\/barelon.consulting\/product\/assistance-in-losses-settlement\/"]}]},{"@type":"BreadcrumbList","@id":"https:\/\/barelon.consulting\/product\/assistance-in-losses-settlement\/#breadcrumb","itemListElement":[{"@type":"ListItem","position":1,"name":"Home","item":"https:\/\/barelon.consulting\/"},{"@type":"ListItem","position":2,"name":"Shop","item":"https:\/\/barelon.consulting\/shop\/"},{"@type":"ListItem","position":3,"name":"Assistance in Losses Settlement"}]}]}},"_links":{"self":[{"href":"https:\/\/barelon.consulting\/de\/wp-json\/wp\/v2\/product\/639","targetHints":{"allow":["GET"]}}],"collection":[{"href":"https:\/\/barelon.consulting\/de\/wp-json\/wp\/v2\/product"}],"about":[{"href":"https:\/\/barelon.consulting\/de\/wp-json\/wp\/v2\/types\/product"}],"replies":[{"embeddable":true,"href":"https:\/\/barelon.consulting\/de\/wp-json\/wp\/v2\/comments?post=639"}],"wp:attachment":[{"href":"https:\/\/barelon.consulting\/de\/wp-json\/wp\/v2\/media?parent=639"}],"wp:term":[{"taxonomy":"product_cat","embeddable":true,"href":"https:\/\/barelon.consulting\/de\/wp-json\/wp\/v2\/product_cat?post=639"},{"taxonomy":"product_tag","embeddable":true,"href":"https:\/\/barelon.consulting\/de\/wp-json\/wp\/v2\/product_tag?post=639"}],"curies":[{"name":"wp","href":"https:\/\/api.w.org\/{rel}","templated":true}]}}