{"id":640,"date":"2022-03-16T12:43:59","date_gmt":"2022-03-16T12:43:59","guid":{"rendered":"https:\/\/barelon.consulting\/?post_type=product&#038;p=640"},"modified":"2022-03-16T12:43:59","modified_gmt":"2022-03-16T12:43:59","slug":"insurance-events-settlement","status":"publish","type":"product","link":"https:\/\/barelon.consulting\/de\/produkt\/insurance-events-settlement\/","title":{"rendered":"Regulierung von Versicherungsanspr\u00fcchen"},"content":{"rendered":"<p><span style=\"font-weight: 400;\">Unsere Spezialisten verf\u00fcgen \u00fcber umfangreiche Erfahrungen bei der L\u00f6sung und Regulierung von Schadensf\u00e4llen unterschiedlicher Komplexit\u00e4t und Gr\u00f6\u00dfenordnung. Wir beraten unsere Kunden bei der Verbesserung ihrer Versicherungsvertr\u00e4ge, der \u00dcberwachung der Schadenregulierung und der Minderung von Verlusten.<\/span><\/p>","protected":false},"excerpt":{"rendered":"<p>Unsere Spezialisten verf\u00fcgen \u00fcber umfangreiche Erfahrungen bei der L\u00f6sung und Regulierung von Schadensf\u00e4llen unterschiedlicher Komplexit\u00e4t und Gr\u00f6\u00dfenordnung. Wir beraten unsere Kunden bei der Verbesserung ihrer Versicherungsvertr\u00e4ge, der \u00dcberwachung der Schadenregulierung und der Minderung von Verlusten.<\/p>","protected":false},"featured_media":0,"comment_status":"open","ping_status":"closed","template":"","meta":[],"product_cat":[37],"product_tag":[],"class_list":["post-640","product","type-product","status-publish","hentry","product_cat-services-insurance-consulting"],"yoast_head":"<!-- This site is optimized with the Yoast SEO plugin v18.3 - https:\/\/yoast.com\/wordpress\/plugins\/seo\/ -->\n<title>Insurance Events Settlement - Barelon Consulting<\/title>\n<meta name=\"robots\" content=\"index, follow, max-snippet:-1, max-image-preview:large, max-video-preview:-1\" \/>\n<link rel=\"canonical\" href=\"https:\/\/barelon.consulting\/de\/produkt\/insurance-events-settlement\/\" \/>\n<meta property=\"og:locale\" content=\"de_DE\" \/>\n<meta property=\"og:type\" content=\"article\" \/>\n<meta property=\"og:title\" content=\"Insurance Events Settlement - Barelon Consulting\" \/>\n<meta property=\"og:description\" content=\"Our specialists have extensive experience solving and settling losses of varying complexity and scale. We advise our clients to improve their insurance contracts, monitor the claims settlement process, and mitigate damages.\" \/>\n<meta property=\"og:url\" content=\"https:\/\/barelon.consulting\/de\/produkt\/insurance-events-settlement\/\" \/>\n<meta property=\"og:site_name\" content=\"Barelon Consulting\" \/>\n<meta name=\"twitter:card\" content=\"summary_large_image\" \/>\n<script type=\"application\/ld+json\" class=\"yoast-schema-graph\">{\"@context\":\"https:\/\/schema.org\",\"@graph\":[{\"@type\":\"WebSite\",\"@id\":\"https:\/\/barelon.consulting\/#website\",\"url\":\"https:\/\/barelon.consulting\/\",\"name\":\"Barelon Consulting\",\"description\":\"\",\"potentialAction\":[{\"@type\":\"SearchAction\",\"target\":{\"@type\":\"EntryPoint\",\"urlTemplate\":\"https:\/\/barelon.consulting\/?s={search_term_string}\"},\"query-input\":\"required name=search_term_string\"}],\"inLanguage\":\"de\"},{\"@type\":\"WebPage\",\"@id\":\"https:\/\/barelon.consulting\/product\/insurance-events-settlement\/#webpage\",\"url\":\"https:\/\/barelon.consulting\/product\/insurance-events-settlement\/\",\"name\":\"Insurance Events Settlement - Barelon Consulting\",\"isPartOf\":{\"@id\":\"https:\/\/barelon.consulting\/#website\"},\"datePublished\":\"2022-03-16T12:43:59+00:00\",\"dateModified\":\"2022-03-16T12:43:59+00:00\",\"breadcrumb\":{\"@id\":\"https:\/\/barelon.consulting\/product\/insurance-events-settlement\/#breadcrumb\"},\"inLanguage\":\"de\",\"potentialAction\":[{\"@type\":\"ReadAction\",\"target\":[\"https:\/\/barelon.consulting\/product\/insurance-events-settlement\/\"]}]},{\"@type\":\"BreadcrumbList\",\"@id\":\"https:\/\/barelon.consulting\/product\/insurance-events-settlement\/#breadcrumb\",\"itemListElement\":[{\"@type\":\"ListItem\",\"position\":1,\"name\":\"Home\",\"item\":\"https:\/\/barelon.consulting\/\"},{\"@type\":\"ListItem\",\"position\":2,\"name\":\"Shop\",\"item\":\"https:\/\/barelon.consulting\/shop\/\"},{\"@type\":\"ListItem\",\"position\":3,\"name\":\"Insurance Events Settlement\"}]}]}<\/script>\n<!-- \/ Yoast SEO plugin. -->","yoast_head_json":{"title":"Insurance Events Settlement - Barelon Consulting","robots":{"index":"index","follow":"follow","max-snippet":"max-snippet:-1","max-image-preview":"max-image-preview:large","max-video-preview":"max-video-preview:-1"},"canonical":"https:\/\/barelon.consulting\/de\/produkt\/insurance-events-settlement\/","og_locale":"de_DE","og_type":"article","og_title":"Insurance Events Settlement - Barelon Consulting","og_description":"Our specialists have extensive experience solving and settling losses of varying complexity and scale. We advise our clients to improve their insurance contracts, monitor the claims settlement process, and mitigate damages.","og_url":"https:\/\/barelon.consulting\/de\/produkt\/insurance-events-settlement\/","og_site_name":"Barelon Consulting","twitter_card":"summary_large_image","schema":{"@context":"https:\/\/schema.org","@graph":[{"@type":"WebSite","@id":"https:\/\/barelon.consulting\/#website","url":"https:\/\/barelon.consulting\/","name":"Barelon Consulting","description":"","potentialAction":[{"@type":"SearchAction","target":{"@type":"EntryPoint","urlTemplate":"https:\/\/barelon.consulting\/?s={search_term_string}"},"query-input":"required name=search_term_string"}],"inLanguage":"de"},{"@type":"WebPage","@id":"https:\/\/barelon.consulting\/product\/insurance-events-settlement\/#webpage","url":"https:\/\/barelon.consulting\/product\/insurance-events-settlement\/","name":"Insurance Events Settlement - Barelon Consulting","isPartOf":{"@id":"https:\/\/barelon.consulting\/#website"},"datePublished":"2022-03-16T12:43:59+00:00","dateModified":"2022-03-16T12:43:59+00:00","breadcrumb":{"@id":"https:\/\/barelon.consulting\/product\/insurance-events-settlement\/#breadcrumb"},"inLanguage":"de","potentialAction":[{"@type":"ReadAction","target":["https:\/\/barelon.consulting\/product\/insurance-events-settlement\/"]}]},{"@type":"BreadcrumbList","@id":"https:\/\/barelon.consulting\/product\/insurance-events-settlement\/#breadcrumb","itemListElement":[{"@type":"ListItem","position":1,"name":"Home","item":"https:\/\/barelon.consulting\/"},{"@type":"ListItem","position":2,"name":"Shop","item":"https:\/\/barelon.consulting\/shop\/"},{"@type":"ListItem","position":3,"name":"Insurance Events Settlement"}]}]}},"_links":{"self":[{"href":"https:\/\/barelon.consulting\/de\/wp-json\/wp\/v2\/product\/640","targetHints":{"allow":["GET"]}}],"collection":[{"href":"https:\/\/barelon.consulting\/de\/wp-json\/wp\/v2\/product"}],"about":[{"href":"https:\/\/barelon.consulting\/de\/wp-json\/wp\/v2\/types\/product"}],"replies":[{"embeddable":true,"href":"https:\/\/barelon.consulting\/de\/wp-json\/wp\/v2\/comments?post=640"}],"wp:attachment":[{"href":"https:\/\/barelon.consulting\/de\/wp-json\/wp\/v2\/media?parent=640"}],"wp:term":[{"taxonomy":"product_cat","embeddable":true,"href":"https:\/\/barelon.consulting\/de\/wp-json\/wp\/v2\/product_cat?post=640"},{"taxonomy":"product_tag","embeddable":true,"href":"https:\/\/barelon.consulting\/de\/wp-json\/wp\/v2\/product_tag?post=640"}],"curies":[{"name":"wp","href":"https:\/\/api.w.org\/{rel}","templated":true}]}}