{"id":687,"date":"2022-03-16T13:11:23","date_gmt":"2022-03-16T13:11:23","guid":{"rendered":"https:\/\/barelon.consulting\/?page_id=687"},"modified":"2022-03-17T08:48:19","modified_gmt":"2022-03-17T08:48:19","slug":"cookie-policy","status":"publish","type":"page","link":"https:\/\/barelon.consulting\/it\/cookie-policy\/","title":{"rendered":"Informativa sui cookie"},"content":{"rendered":"<p>La presente Politica sui cookie spiega come Barelon LTD (\"Barelon Consulting\", \"noi\", \"ci\" e \"nostro\") utilizza i cookie e tecnologie simili per riconoscere l'utente quando visita il nostro sito web, inclusi, senza limitazioni, https:\/\/barelon.consulting\/ e tutti gli URL correlati, le versioni mobili o localizzate e i relativi domini\/sottodomini (\"Siti web\"). Il presente documento spiega cosa sono queste tecnologie, perch\u00e9 le utilizziamo e come controllarle.<\/p>\n\n\n\n<h2 class=\"wp-block-heading\">Significato<\/h2>\n\n\n\n<ul class=\"wp-block-list\"><li>Cookie: una piccola quantit\u00e0 di dati generati da un sito web e salvati dal tuo browser. Viene utilizzato per identificare il tuo browser, fornire analisi e ricordare informazioni su di te, come ad esempio le tue preferenze linguistiche o le informazioni di login.<\/li><\/ul>\n\n\n\n<ul class=\"wp-block-list\"><li>Azienda: quando nella presente informativa si parla di \"Azienda\", \"noi\" o \"nostro\", ci si riferisce a Barelon LTD, (71-75, Shelton Street, Covent Garden, Londra, WC2H 9JQ, Regno Unito) che \u00e8 responsabile delle informazioni dell'utente ai sensi della presente Informativa sui cookie.<\/li><\/ul>\n\n\n\n<ul class=\"wp-block-list\"><li>Dispositivo: qualsiasi dispositivo connesso a internet come un telefono, un tablet, un computer o altri dispositivi che possono essere utilizzati per visitare Barelon Consulting e utilizzare i servizi.<\/li><\/ul>\n\n\n\n<ul class=\"wp-block-list\"><li>Dati personali: Qualsiasi informazione che direttamente, indirettamente o in connessione con altre informazioni - incluso un numero di identificazione personale - consente di identificare o identificare una persona fisica.<\/li><\/ul>\n\n\n\n<ul class=\"wp-block-list\"><li>Servizio: si riferisce al servizio fornito da Barelon Consulting come descritto nei relativi termini (se disponibili) e su questa piattaforma.<\/li><\/ul>\n\n\n\n<ul class=\"wp-block-list\"><li>Servizio di terze parti: si riferisce a inserzionisti, sponsor di concorsi, partner promozionali e di marketing e altri soggetti che forniscono i nostri contenuti o i cui prodotti o servizi riteniamo possano interessarti.<\/li><\/ul>\n\n\n\n<ul class=\"wp-block-list\"><li>Sito web: Il sito di Barelon LTD, accessibile tramite questo URL: https:\/\/barelon.consulting\/.<\/li><\/ul>\n\n\n\n<ul class=\"wp-block-list\"><li>Utente: persona o entit\u00e0 registrata presso Barelon Consulting per utilizzare i Servizi.<\/li><\/ul>\n\n\n\n<h2 class=\"wp-block-heading\">Che cos'\u00e8 un cookie?<\/h2>\n\n\n\n<p>Un cookie \u00e8 un piccolo file di testo memorizzato sul tuo computer o su un altro dispositivo connesso a internet per identificare il tuo browser, fornire analisi, ricordare informazioni su di te, come ad esempio la lingua preferita o le informazioni di login. Sono completamente sicuri e non possono essere utilizzati per eseguire programmi o trasmettere virus al tuo dispositivo.<\/p>\n\n\n\n<h2 class=\"wp-block-heading\">Perch\u00e9 utilizziamo i cookie?<\/h2>\n\n\n\n<p>Sul nostro sito web utilizziamo cookie di prima parte e\/o di terze parti per vari scopi, come ad esempio:<\/p>\n\n\n\n<ul class=\"wp-block-list\"><li>Facilitare il funzionamento e la funzionalit\u00e0 del nostro sito web;<\/li><li>Migliorare la tua esperienza sul nostro sito web e rendere la navigazione pi\u00f9 semplice e veloce;<\/li><li>Permetterci di creare un'esperienza utente su misura per te e di capire cosa \u00e8 utile o di interesse per te;<\/li><li>Analizzare come viene utilizzato il nostro sito web e come possiamo personalizzarlo al meglio;<\/li><li>Identificare i potenziali clienti e personalizzare le interazioni di marketing e di vendita con loro;<\/li><li>Facilitare l'adattamento della pubblicit\u00e0 online ai tuoi interessi.<\/li><\/ul>\n\n\n\n<h2 class=\"wp-block-heading\">Modifiche alla nostra politica sui cookie<\/h2>\n\n\n\n<p>Potremmo modificare il nostro Servizio e le nostre politiche e potremmo dover apportare delle modifiche alla presente Informativa sui cookie per riflettere con precisione il nostro Servizio e le nostre politiche. Se non diversamente richiesto dalla legge, ti informeremo (ad esempio attraverso il nostro Servizio) prima di apportare modifiche alla presente Informativa sui cookie e ti consentiremo di esaminarle prima che entrino in vigore. In seguito, se continuerai a utilizzare il Servizio, sarai vincolato dalla Politica sui cookie aggiornata. Se non vuoi accettare questa o qualsiasi altra Informativa sui cookie aggiornata, puoi cancellare il tuo account.<\/p>\n\n\n\n<h2 class=\"wp-block-heading\">Che tipo di cookie utilizza Barelon Consulting?<\/h2>\n\n\n\n<p>I cookie possono essere di sessione o persistenti. Un cookie di sessione scade automaticamente quando chiudi il browser. Un cookie persistente rimarr\u00e0 attivo fino alla sua scadenza o alla cancellazione dei cookie da parte dell'utente. Le date di scadenza sono stabilite nei cookie stessi; alcuni possono scadere dopo pochi minuti, mentre altri possono scadere dopo diversi anni. I cookie inseriti dal sito web che stai visitando sono chiamati \"cookie di prima parte\".<\/p>\n\n\n\n<p>I cookie strettamente necessari sono indispensabili per il funzionamento del nostro sito web e non possono essere disattivati dai nostri sistemi. Sono essenziali per consentirti di navigare nel sito e di utilizzarne le funzionalit\u00e0. Se rimuovi o disattivi questi cookie, non possiamo garantirti l'utilizzo del nostro sito web.<\/p>\n\n\n\n<p>Sul nostro sito web utilizziamo i seguenti cookie: Cookie di analisi e personalizzazione, Cookie essenziali, Cookie di prestazioni e funzionalit\u00e0.<\/p>\n\n\n\n<h2 class=\"wp-block-heading\">Esclusione di responsabilit\u00e0 generale<\/h2>\n\n\n\n<p>Il Servizio Barelon Consulting e i suoi contenuti sono forniti \"cos\u00ec come sono\" e \"come disponibili\" senza alcuna garanzia o dichiarazione di alcun tipo, sia espressa che implicita. Barelon Consulting \u00e8 un distributore e non un editore dei contenuti forniti da terzi; in quanto tale, Barelon Consulting non esercita alcun controllo editoriale su tali contenuti e non fornisce alcuna garanzia o dichiarazione in merito all'accuratezza, all'affidabilit\u00e0 o all'attualit\u00e0 di qualsiasi informazione, contenuto, servizio o merce forniti attraverso o accessibili tramite il Servizio Barelon Consulting. Senza limitare quanto sopra, Barelon Consulting declina espressamente tutte le garanzie e le dichiarazioni relative a qualsiasi contenuto trasmesso su o in connessione con il Servizio Barelon Consulting o su siti che possono apparire come link sul Servizio Barelon Consulting, o nei prodotti forniti come parte di, o comunque in connessione con, il Servizio Barelon Consulting, incluse, senza limitazioni, le garanzie di commerciabilit\u00e0, idoneit\u00e0 per uno scopo particolare o non violazione di diritti di terzi. Nessun consiglio orale o informazione scritta fornita da Barelon Consulting o da uno dei suoi affiliati, dipendenti, funzionari, direttori, agenti o simili creer\u00e0 una garanzia. Le informazioni sui prezzi e sulla disponibilit\u00e0 sono soggette a modifiche senza preavviso. Senza limitare quanto sopra, Barelon Consulting non garantisce che il Servizio Barelon Consulting sia ininterrotto, senza interruzioni, tempestivo o privo di errori.<\/p>\n\n\n\n<h2 class=\"wp-block-heading\">Esclusione di responsabilit\u00e0 per errori e omissioni<\/h2>\n\n\n\n<p>Barelon Consulting non \u00e8 responsabile di alcun contenuto, codice o altra imprecisione. Barelon Consulting non fornisce garanzie. In nessun caso Barelon Consulting sar\u00e0 responsabile per danni speciali, diretti, indiretti, consequenziali o incidentali o per danni di qualsiasi tipo, sia in caso di azione contrattuale, negligenza o altri illeciti, derivanti da o in connessione con l'uso del Servizio o dei contenuti del Servizio. Barelon Consulting si riserva il diritto di apportare aggiunte, cancellazioni o modifiche ai contenuti del Servizio in qualsiasi momento e senza preavviso.<\/p>\n\n\n\n<h2 class=\"wp-block-heading\">Cookie analitici e di personalizzazione<\/h2>\n\n\n\n<p>Questi cookie raccolgono informazioni per aiutarci a capire come viene utilizzato il nostro sito web o l'efficacia delle nostre campagne di marketing, o per aiutarci a personalizzare il nostro sito web per te.<\/p>\n\n\n\n<p>Utilizziamo i cookie di Google Analytics per raccogliere dati limitati direttamente dai browser degli utenti finali, per consentirci di comprendere meglio l'utilizzo del nostro sito web. Ulteriori informazioni su come Google raccoglie e utilizza questi dati sono disponibili all'indirizzo: https:\/\/www.google.com\/policies\/privacy\/partners\/. \u00c8 possibile rinunciare a tutti i servizi di analisi supportati da Google sui nostri siti web visitando il sito: https:\/\/tools.google.com\/dlpage\/gaoptout.<\/p>\n\n\n\n<h2 class=\"wp-block-heading\">Cookie essenziali<\/h2>\n\n\n\n<p>Per far funzionare il nostro sito web utilizziamo cookie essenziali. Questi cookie sono strettamente necessari per abilitare funzionalit\u00e0 fondamentali come la sicurezza, la gestione della rete, le tue preferenze sui cookie e l'accessibilit\u00e0. Senza di essi, non saresti in grado di utilizzare i servizi di base. Puoi disabilitarli modificando le impostazioni del tuo browser, ma ci\u00f2 potrebbe influire sul funzionamento del sito web.<\/p>\n\n\n\n<h2 class=\"wp-block-heading\">Cookie di prestazione e funzionalit\u00e0<\/h2>\n\n\n\n<p>Questi cookie sono utilizzati per migliorare le prestazioni e le funzionalit\u00e0 del nostro sito web ma non sono essenziali per il suo utilizzo. Tuttavia, senza questi cookie, alcune funzionalit\u00e0, come i video, potrebbero non essere disponibili oppure ti verrebbe richiesto di inserire i tuoi dati di accesso ogni volta che visiti il sito web, in quanto non saremmo in grado di ricordare che hai effettuato l'accesso in precedenza.<\/p>\n\n\n\n<h2 class=\"wp-block-heading\">Come puoi gestire i cookie?<\/h2>\n\n\n\n<p>La maggior parte dei browser consente di controllare i cookie attraverso le preferenze delle \"impostazioni\". Tuttavia, se limiti la capacit\u00e0 dei siti web di impostare i cookie, potresti peggiorare la tua esperienza d'uso complessiva, poich\u00e9 non sar\u00e0 pi\u00f9 personalizzata per te. Inoltre, potrebbe impedirti di salvare le impostazioni personalizzate, come le informazioni di login. I produttori di browser forniscono pagine di aiuto relative alla gestione dei cookie nei loro prodotti.<\/p>\n\n\n\n<p>I produttori di browser forniscono pagine di aiuto relative alla gestione dei cookie nei loro prodotti. Per maggiori informazioni, consulta le pagine seguenti.<\/p>\n\n\n\n<ul class=\"wp-block-list\"><li>Google Chrome<\/li><li>Internet Explorer<\/li><li>Mozilla Firefox<\/li><li>Safari (Desktop)<\/li><li>Safari (Mobile)<\/li><li>Android Browser<\/li><li>Opera<\/li><li>Opera Mobile<\/li><\/ul>\n\n\n\n<h2 class=\"wp-block-heading\">Bloccare e disabilitare i cookie e tecnologie simili<\/h2>\n\n\n\n<p>Puoi anche impostare il tuo browser in modo da bloccare i cookie e le tecnologie simili ovunque ti trovi. Tuttavia, questa azione potrebbe bloccare i nostri cookie essenziali e impedire al nostro sito web di funzionare correttamente e potresti non essere in grado di utilizzare appieno tutte le sue funzionalit\u00e0 e i suoi servizi. Inoltre, se blocchi i cookie sul tuo browser, potresti perdere alcune informazioni salvate (ad esempio, i dati di accesso salvati e le preferenze del sito). I diversi browser mettono a disposizione controlli diversi. La disabilitazione di un cookie o di una categoria non elimina il cookie dal tuo browser. Dovrai farlo tu stesso dal tuo browser. Per maggiori informazioni, consulta il menu di aiuto del tuo browser.<\/p>\n\n\n\n<h2 class=\"wp-block-heading\">Il tuo consenso<\/h2>\n\n\n\n<p>Utilizzando il nostro sito web, registrando un account o effettuando un acquisto.<\/p>\n\n\n\n<h2 class=\"wp-block-heading\">Contattaci<\/h2>\n\n\n\n<p>Per qualsiasi domanda, contattaci:<\/p>\n\n\n\n<ul class=\"wp-block-list\"><li>Via e-mail: info@barelon.consulting<\/li><\/ul>\n\n\n\n<ul class=\"wp-block-list\"><li>Tramite il numero di telefono: +442045774012<\/li><\/ul>\n\n\n\n<ul class=\"wp-block-list\"><li>Tramite questo link: https:\/\/barelon.consulting\/<\/li><\/ul>","protected":false},"excerpt":{"rendered":"<p>This Cookie Policy explains how Barelon LTD (\u201cBarelon Consulting\u201d, \u201cwe\u201d, \u201cus\u201d, and \u201cours\u201d) use cookies and similar technologies to recognise you when you visit our website, including without limitation https:\/\/barelon.consulting\/ and any related URLs, mobile or localised versions and related domains\/subdomains (\u201cWebsites\u201d). It explains what these technologies are and why we use them, and the [&hellip;]<\/p>","protected":false},"author":1,"featured_media":870,"parent":0,"menu_order":0,"comment_status":"closed","ping_status":"closed","template":"","meta":{"footnotes":""},"class_list":["post-687","page","type-page","status-publish","has-post-thumbnail","hentry"],"yoast_head":"<!-- This site is optimized with the Yoast SEO plugin v18.3 - https:\/\/yoast.com\/wordpress\/plugins\/seo\/ -->\n<title>Cookie Policy - Barelon Consulting<\/title>\n<meta name=\"robots\" content=\"index, follow, max-snippet:-1, max-image-preview:large, max-video-preview:-1\" \/>\n<link rel=\"canonical\" href=\"https:\/\/barelon.consulting\/it\/cookie-policy\/\" \/>\n<meta property=\"og:locale\" content=\"it_IT\" \/>\n<meta property=\"og:type\" content=\"article\" \/>\n<meta property=\"og:title\" content=\"Cookie Policy - Barelon Consulting\" \/>\n<meta property=\"og:description\" content=\"This Cookie Policy explains how Barelon LTD (\u201cBarelon Consulting\u201d, \u201cwe\u201d, \u201cus\u201d, and \u201cours\u201d) use cookies and similar technologies to recognise you when you visit our website, including without limitation https:\/\/barelon.consulting\/ and any related URLs, mobile or localised versions and related domains\/subdomains (\u201cWebsites\u201d). It explains what these technologies are and why we use them, and the [&hellip;]\" \/>\n<meta property=\"og:url\" content=\"https:\/\/barelon.consulting\/it\/cookie-policy\/\" \/>\n<meta property=\"og:site_name\" content=\"Barelon Consulting\" \/>\n<meta property=\"article:modified_time\" content=\"2022-03-17T08:48:19+00:00\" \/>\n<meta property=\"og:image\" content=\"https:\/\/barelon.consulting\/wp-content\/uploads\/2022\/03\/1024-\u00d7-514-3.png\" \/>\n\t<meta property=\"og:image:width\" content=\"1024\" \/>\n\t<meta property=\"og:image:height\" content=\"512\" \/>\n\t<meta property=\"og:image:type\" content=\"image\/png\" \/>\n<meta name=\"twitter:card\" content=\"summary_large_image\" \/>\n<meta name=\"twitter:image\" content=\"https:\/\/barelon.consulting\/wp-content\/uploads\/2022\/03\/1024-\u00d7-514-3.png\" \/>\n<meta name=\"twitter:label1\" content=\"Tempo di lettura stimato\" \/>\n\t<meta name=\"twitter:data1\" content=\"7 minuti\" \/>\n<script type=\"application\/ld+json\" class=\"yoast-schema-graph\">{\"@context\":\"https:\/\/schema.org\",\"@graph\":[{\"@type\":\"WebSite\",\"@id\":\"https:\/\/barelon.consulting\/#website\",\"url\":\"https:\/\/barelon.consulting\/\",\"name\":\"Barelon Consulting\",\"description\":\"\",\"potentialAction\":[{\"@type\":\"SearchAction\",\"target\":{\"@type\":\"EntryPoint\",\"urlTemplate\":\"https:\/\/barelon.consulting\/?s={search_term_string}\"},\"query-input\":\"required name=search_term_string\"}],\"inLanguage\":\"it-IT\"},{\"@type\":\"ImageObject\",\"@id\":\"https:\/\/barelon.consulting\/cookie-policy\/#primaryimage\",\"inLanguage\":\"it-IT\",\"url\":\"https:\/\/barelon.consulting\/wp-content\/uploads\/2022\/03\/1024-\u00d7-514-3.png\",\"contentUrl\":\"https:\/\/barelon.consulting\/wp-content\/uploads\/2022\/03\/1024-\u00d7-514-3.png\",\"width\":1024,\"height\":512},{\"@type\":\"WebPage\",\"@id\":\"https:\/\/barelon.consulting\/cookie-policy\/#webpage\",\"url\":\"https:\/\/barelon.consulting\/cookie-policy\/\",\"name\":\"Cookie Policy - Barelon Consulting\",\"isPartOf\":{\"@id\":\"https:\/\/barelon.consulting\/#website\"},\"primaryImageOfPage\":{\"@id\":\"https:\/\/barelon.consulting\/cookie-policy\/#primaryimage\"},\"datePublished\":\"2022-03-16T13:11:23+00:00\",\"dateModified\":\"2022-03-17T08:48:19+00:00\",\"breadcrumb\":{\"@id\":\"https:\/\/barelon.consulting\/cookie-policy\/#breadcrumb\"},\"inLanguage\":\"it-IT\",\"potentialAction\":[{\"@type\":\"ReadAction\",\"target\":[\"https:\/\/barelon.consulting\/cookie-policy\/\"]}]},{\"@type\":\"BreadcrumbList\",\"@id\":\"https:\/\/barelon.consulting\/cookie-policy\/#breadcrumb\",\"itemListElement\":[{\"@type\":\"ListItem\",\"position\":1,\"name\":\"Home\",\"item\":\"https:\/\/barelon.consulting\/\"},{\"@type\":\"ListItem\",\"position\":2,\"name\":\"Cookie Policy\"}]}]}<\/script>\n<!-- \/ Yoast SEO plugin. -->","yoast_head_json":{"title":"Cookie Policy - Barelon Consulting","robots":{"index":"index","follow":"follow","max-snippet":"max-snippet:-1","max-image-preview":"max-image-preview:large","max-video-preview":"max-video-preview:-1"},"canonical":"https:\/\/barelon.consulting\/it\/cookie-policy\/","og_locale":"it_IT","og_type":"article","og_title":"Cookie Policy - Barelon Consulting","og_description":"This Cookie Policy explains how Barelon LTD (\u201cBarelon Consulting\u201d, \u201cwe\u201d, \u201cus\u201d, and \u201cours\u201d) use cookies and similar technologies to recognise you when you visit our website, including without limitation https:\/\/barelon.consulting\/ and any related URLs, mobile or localised versions and related domains\/subdomains (\u201cWebsites\u201d). It explains what these technologies are and why we use them, and the [&hellip;]","og_url":"https:\/\/barelon.consulting\/it\/cookie-policy\/","og_site_name":"Barelon Consulting","article_modified_time":"2022-03-17T08:48:19+00:00","og_image":[{"width":1024,"height":512,"url":"https:\/\/barelon.consulting\/wp-content\/uploads\/2022\/03\/1024-\u00d7-514-3.png","type":"image\/png"}],"twitter_card":"summary_large_image","twitter_image":"https:\/\/barelon.consulting\/wp-content\/uploads\/2022\/03\/1024-\u00d7-514-3.png","twitter_misc":{"Tempo di lettura stimato":"7 minuti"},"schema":{"@context":"https:\/\/schema.org","@graph":[{"@type":"WebSite","@id":"https:\/\/barelon.consulting\/#website","url":"https:\/\/barelon.consulting\/","name":"Barelon Consulting","description":"","potentialAction":[{"@type":"SearchAction","target":{"@type":"EntryPoint","urlTemplate":"https:\/\/barelon.consulting\/?s={search_term_string}"},"query-input":"required name=search_term_string"}],"inLanguage":"it-IT"},{"@type":"ImageObject","@id":"https:\/\/barelon.consulting\/cookie-policy\/#primaryimage","inLanguage":"it-IT","url":"https:\/\/barelon.consulting\/wp-content\/uploads\/2022\/03\/1024-\u00d7-514-3.png","contentUrl":"https:\/\/barelon.consulting\/wp-content\/uploads\/2022\/03\/1024-\u00d7-514-3.png","width":1024,"height":512},{"@type":"WebPage","@id":"https:\/\/barelon.consulting\/cookie-policy\/#webpage","url":"https:\/\/barelon.consulting\/cookie-policy\/","name":"Cookie Policy - Barelon Consulting","isPartOf":{"@id":"https:\/\/barelon.consulting\/#website"},"primaryImageOfPage":{"@id":"https:\/\/barelon.consulting\/cookie-policy\/#primaryimage"},"datePublished":"2022-03-16T13:11:23+00:00","dateModified":"2022-03-17T08:48:19+00:00","breadcrumb":{"@id":"https:\/\/barelon.consulting\/cookie-policy\/#breadcrumb"},"inLanguage":"it-IT","potentialAction":[{"@type":"ReadAction","target":["https:\/\/barelon.consulting\/cookie-policy\/"]}]},{"@type":"BreadcrumbList","@id":"https:\/\/barelon.consulting\/cookie-policy\/#breadcrumb","itemListElement":[{"@type":"ListItem","position":1,"name":"Home","item":"https:\/\/barelon.consulting\/"},{"@type":"ListItem","position":2,"name":"Cookie Policy"}]}]}},"_links":{"self":[{"href":"https:\/\/barelon.consulting\/it\/wp-json\/wp\/v2\/pages\/687","targetHints":{"allow":["GET"]}}],"collection":[{"href":"https:\/\/barelon.consulting\/it\/wp-json\/wp\/v2\/pages"}],"about":[{"href":"https:\/\/barelon.consulting\/it\/wp-json\/wp\/v2\/types\/page"}],"author":[{"embeddable":true,"href":"https:\/\/barelon.consulting\/it\/wp-json\/wp\/v2\/users\/1"}],"replies":[{"embeddable":true,"href":"https:\/\/barelon.consulting\/it\/wp-json\/wp\/v2\/comments?post=687"}],"version-history":[{"count":1,"href":"https:\/\/barelon.consulting\/it\/wp-json\/wp\/v2\/pages\/687\/revisions"}],"predecessor-version":[{"id":688,"href":"https:\/\/barelon.consulting\/it\/wp-json\/wp\/v2\/pages\/687\/revisions\/688"}],"wp:featuredmedia":[{"embeddable":true,"href":"https:\/\/barelon.consulting\/it\/wp-json\/wp\/v2\/media\/870"}],"wp:attachment":[{"href":"https:\/\/barelon.consulting\/it\/wp-json\/wp\/v2\/media?parent=687"}],"curies":[{"name":"wp","href":"https:\/\/api.w.org\/{rel}","templated":true}]}}