{"id":567,"date":"2022-03-16T09:59:32","date_gmt":"2022-03-16T09:59:32","guid":{"rendered":"https:\/\/barelon.consulting\/?post_type=product&#038;p=567"},"modified":"2022-05-16T06:55:46","modified_gmt":"2022-05-16T06:55:46","slug":"optimisation-of-taxation","status":"publish","type":"product","link":"https:\/\/barelon.consulting\/it\/prodotto\/optimisation-of-taxation\/","title":{"rendered":"Ottimizzazione della tassazione"},"content":{"rendered":"<p><span style=\"font-weight: 400;\">Il team di Barelon ti assiste nella scelta del sistema fiscale pi\u00f9 ottimale, nella risoluzione di eventuali difficolt\u00e0 legate alla contabilit\u00e0 fiscale, ecc. Scopri la strategia e il rapporto contrattuale pi\u00f9 efficace che ti aiuter\u00e0 a evitare le multe e a ridurre al minimo il pagamento delle imposte.<\/span><\/p>","protected":false},"excerpt":{"rendered":"<p>Il team di Barelon ti assiste nella scelta del sistema fiscale pi\u00f9 ottimale, nella risoluzione di eventuali difficolt\u00e0 legate alla contabilit\u00e0 fiscale, ecc. Scopri la strategia e il rapporto contrattuale pi\u00f9 efficace che ti aiuter\u00e0 a evitare le multe e a ridurre al minimo il pagamento delle imposte.<\/p>","protected":false},"featured_media":0,"comment_status":"open","ping_status":"closed","template":"","meta":[],"product_cat":[34],"product_tag":[],"class_list":["post-567","product","type-product","status-publish","hentry","product_cat-services"],"yoast_head":"<!-- This site is optimized with the Yoast SEO plugin v18.3 - https:\/\/yoast.com\/wordpress\/plugins\/seo\/ -->\n<title>Optimisation of taxation - Barelon Consulting<\/title>\n<meta name=\"robots\" content=\"index, follow, max-snippet:-1, max-image-preview:large, max-video-preview:-1\" \/>\n<link rel=\"canonical\" href=\"https:\/\/barelon.consulting\/it\/prodotto\/optimisation-of-taxation\/\" \/>\n<meta property=\"og:locale\" content=\"it_IT\" \/>\n<meta property=\"og:type\" content=\"article\" \/>\n<meta property=\"og:title\" content=\"Optimisation of taxation - Barelon Consulting\" \/>\n<meta property=\"og:description\" content=\"Barelon team assists in choosing the most optimal taxation system, solving possible difficulties associated with tax accounting, etc. Learn about the most effective strategy and contractual relationship that will help you avoid fines and minimise tax payments.\" \/>\n<meta property=\"og:url\" content=\"https:\/\/barelon.consulting\/it\/prodotto\/optimisation-of-taxation\/\" \/>\n<meta property=\"og:site_name\" content=\"Barelon Consulting\" \/>\n<meta property=\"article:modified_time\" content=\"2022-05-16T06:55:46+00:00\" \/>\n<meta name=\"twitter:card\" content=\"summary_large_image\" \/>\n<script type=\"application\/ld+json\" class=\"yoast-schema-graph\">{\"@context\":\"https:\/\/schema.org\",\"@graph\":[{\"@type\":\"WebSite\",\"@id\":\"https:\/\/barelon.consulting\/#website\",\"url\":\"https:\/\/barelon.consulting\/\",\"name\":\"Barelon Consulting\",\"description\":\"\",\"potentialAction\":[{\"@type\":\"SearchAction\",\"target\":{\"@type\":\"EntryPoint\",\"urlTemplate\":\"https:\/\/barelon.consulting\/?s={search_term_string}\"},\"query-input\":\"required name=search_term_string\"}],\"inLanguage\":\"it-IT\"},{\"@type\":\"WebPage\",\"@id\":\"https:\/\/barelon.consulting\/product\/optimisation-of-taxation\/#webpage\",\"url\":\"https:\/\/barelon.consulting\/product\/optimisation-of-taxation\/\",\"name\":\"Optimisation of taxation - Barelon Consulting\",\"isPartOf\":{\"@id\":\"https:\/\/barelon.consulting\/#website\"},\"datePublished\":\"2022-03-16T09:59:32+00:00\",\"dateModified\":\"2022-05-16T06:55:46+00:00\",\"breadcrumb\":{\"@id\":\"https:\/\/barelon.consulting\/product\/optimisation-of-taxation\/#breadcrumb\"},\"inLanguage\":\"it-IT\",\"potentialAction\":[{\"@type\":\"ReadAction\",\"target\":[\"https:\/\/barelon.consulting\/product\/optimisation-of-taxation\/\"]}]},{\"@type\":\"BreadcrumbList\",\"@id\":\"https:\/\/barelon.consulting\/product\/optimisation-of-taxation\/#breadcrumb\",\"itemListElement\":[{\"@type\":\"ListItem\",\"position\":1,\"name\":\"Home\",\"item\":\"https:\/\/barelon.consulting\/\"},{\"@type\":\"ListItem\",\"position\":2,\"name\":\"Shop\",\"item\":\"https:\/\/barelon.consulting\/shop\/\"},{\"@type\":\"ListItem\",\"position\":3,\"name\":\"Optimisation of taxation\"}]}]}<\/script>\n<!-- \/ Yoast SEO plugin. -->","yoast_head_json":{"title":"Optimisation of taxation - Barelon Consulting","robots":{"index":"index","follow":"follow","max-snippet":"max-snippet:-1","max-image-preview":"max-image-preview:large","max-video-preview":"max-video-preview:-1"},"canonical":"https:\/\/barelon.consulting\/it\/prodotto\/optimisation-of-taxation\/","og_locale":"it_IT","og_type":"article","og_title":"Optimisation of taxation - Barelon Consulting","og_description":"Barelon team assists in choosing the most optimal taxation system, solving possible difficulties associated with tax accounting, etc. Learn about the most effective strategy and contractual relationship that will help you avoid fines and minimise tax payments.","og_url":"https:\/\/barelon.consulting\/it\/prodotto\/optimisation-of-taxation\/","og_site_name":"Barelon Consulting","article_modified_time":"2022-05-16T06:55:46+00:00","twitter_card":"summary_large_image","schema":{"@context":"https:\/\/schema.org","@graph":[{"@type":"WebSite","@id":"https:\/\/barelon.consulting\/#website","url":"https:\/\/barelon.consulting\/","name":"Barelon Consulting","description":"","potentialAction":[{"@type":"SearchAction","target":{"@type":"EntryPoint","urlTemplate":"https:\/\/barelon.consulting\/?s={search_term_string}"},"query-input":"required name=search_term_string"}],"inLanguage":"it-IT"},{"@type":"WebPage","@id":"https:\/\/barelon.consulting\/product\/optimisation-of-taxation\/#webpage","url":"https:\/\/barelon.consulting\/product\/optimisation-of-taxation\/","name":"Optimisation of taxation - Barelon Consulting","isPartOf":{"@id":"https:\/\/barelon.consulting\/#website"},"datePublished":"2022-03-16T09:59:32+00:00","dateModified":"2022-05-16T06:55:46+00:00","breadcrumb":{"@id":"https:\/\/barelon.consulting\/product\/optimisation-of-taxation\/#breadcrumb"},"inLanguage":"it-IT","potentialAction":[{"@type":"ReadAction","target":["https:\/\/barelon.consulting\/product\/optimisation-of-taxation\/"]}]},{"@type":"BreadcrumbList","@id":"https:\/\/barelon.consulting\/product\/optimisation-of-taxation\/#breadcrumb","itemListElement":[{"@type":"ListItem","position":1,"name":"Home","item":"https:\/\/barelon.consulting\/"},{"@type":"ListItem","position":2,"name":"Shop","item":"https:\/\/barelon.consulting\/shop\/"},{"@type":"ListItem","position":3,"name":"Optimisation of taxation"}]}]}},"_links":{"self":[{"href":"https:\/\/barelon.consulting\/it\/wp-json\/wp\/v2\/product\/567","targetHints":{"allow":["GET"]}}],"collection":[{"href":"https:\/\/barelon.consulting\/it\/wp-json\/wp\/v2\/product"}],"about":[{"href":"https:\/\/barelon.consulting\/it\/wp-json\/wp\/v2\/types\/product"}],"replies":[{"embeddable":true,"href":"https:\/\/barelon.consulting\/it\/wp-json\/wp\/v2\/comments?post=567"}],"wp:attachment":[{"href":"https:\/\/barelon.consulting\/it\/wp-json\/wp\/v2\/media?parent=567"}],"wp:term":[{"taxonomy":"product_cat","embeddable":true,"href":"https:\/\/barelon.consulting\/it\/wp-json\/wp\/v2\/product_cat?post=567"},{"taxonomy":"product_tag","embeddable":true,"href":"https:\/\/barelon.consulting\/it\/wp-json\/wp\/v2\/product_tag?post=567"}],"curies":[{"name":"wp","href":"https:\/\/api.w.org\/{rel}","templated":true}]}}